{"id":33,"date":"2021-02-03T15:27:16","date_gmt":"2021-02-03T14:27:16","guid":{"rendered":"http:\/\/lakomaki.fr\/jfg-chocolatier\/?page_id=33"},"modified":"2021-02-17T11:16:21","modified_gmt":"2021-02-17T10:16:21","slug":"a-propos-de","status":"publish","type":"page","link":"http:\/\/lakomaki.fr\/jfg-chocolatier\/a-propos-de\/","title":{"rendered":"A propos de"},"content":{"rendered":"\n<div style=\"height:44px\" aria-hidden=\"true\" class=\"wp-block-spacer\"><\/div>\n\n\n\n<div class=\"wp-block-columns is-layout-flex wp-container-core-columns-is-layout-9d6595d7 wp-block-columns-is-layout-flex\">\n<div class=\"wp-block-column is-vertically-aligned-bottom is-layout-flow wp-block-column-is-layout-flow\" style=\"flex-basis:30%\">\n<h2 class=\"has-text-align-right wp-block-heading\">A <span style=\"color:#4e4e4e\" class=\"has-inline-color\">propos <br>de<\/span><\/h2>\n<\/div>\n\n\n\n<div class=\"wp-block-column is-vertically-aligned-center is-layout-flow wp-block-column-is-layout-flow\">\n<h2 class=\"rondrose wp-block-heading\"><\/h2>\n\n\n\n<p><\/p>\n<\/div>\n<\/div>\n\n\n\n<div class=\"wp-block-cover alignfull has-background-dim\" style=\"background-color:#4e4e4e\"><div class=\"wp-block-cover__inner-container is-layout-flow wp-block-cover-is-layout-flow\">\n<div style=\"height:44px\" aria-hidden=\"true\" class=\"wp-block-spacer\"><\/div>\n\n\n\n<div class=\"wp-block-columns is-layout-flex wp-container-core-columns-is-layout-9d6595d7 wp-block-columns-is-layout-flex\">\n<div class=\"wp-block-column is-layout-flow wp-block-column-is-layout-flow\">\n<figure class=\"wp-block-image size-large\"><img loading=\"lazy\" decoding=\"async\" width=\"570\" height=\"570\" src=\"http:\/\/lakomaki.fr\/jfg-chocolatier\/wp-content\/uploads\/2021\/02\/Groupe-64.png\" alt=\"\" class=\"wp-image-118\" srcset=\"http:\/\/lakomaki.fr\/jfg-chocolatier\/wp-content\/uploads\/2021\/02\/Groupe-64.png 570w, http:\/\/lakomaki.fr\/jfg-chocolatier\/wp-content\/uploads\/2021\/02\/Groupe-64-300x300.png 300w, http:\/\/lakomaki.fr\/jfg-chocolatier\/wp-content\/uploads\/2021\/02\/Groupe-64-150x150.png 150w\" sizes=\"auto, (max-width: 570px) 100vw, 570px\" \/><\/figure>\n\n\n\n<div class=\"wp-block-columns is-layout-flex wp-container-core-columns-is-layout-9d6595d7 wp-block-columns-is-layout-flex\">\n<div class=\"wp-block-column is-layout-flow wp-block-column-is-layout-flow\" style=\"flex-basis:33.33%\">\n<div style=\"height:118px\" aria-hidden=\"true\" class=\"wp-block-spacer\"><\/div>\n\n\n\n<div class=\"wp-block-image\"><figure class=\"aligncenter size-large is-resized\"><img loading=\"lazy\" decoding=\"async\" src=\"http:\/\/lakomaki.fr\/jfg-chocolatier\/wp-content\/uploads\/2021\/02\/Groupe-4@2x.png\" alt=\"\" class=\"wp-image-235\" width=\"130\" height=\"132\"\/><\/figure><\/div>\n<\/div>\n\n\n\n<div class=\"wp-block-column is-layout-flow wp-block-column-is-layout-flow\" style=\"flex-basis:66.66%\">\n<figure class=\"wp-block-image size-large is-resized\"><img loading=\"lazy\" decoding=\"async\" src=\"http:\/\/lakomaki.fr\/jfg-chocolatier\/wp-content\/uploads\/2021\/02\/Groupe-65.png\" alt=\"photo jf-gourmand enfant\" class=\"wp-image-119\" width=\"316\" height=\"272\" srcset=\"http:\/\/lakomaki.fr\/jfg-chocolatier\/wp-content\/uploads\/2021\/02\/Groupe-65.png 316w, http:\/\/lakomaki.fr\/jfg-chocolatier\/wp-content\/uploads\/2021\/02\/Groupe-65-300x258.png 300w\" sizes=\"auto, (max-width: 316px) 100vw, 316px\" \/><\/figure>\n<\/div>\n<\/div>\n<\/div>\n\n\n\n<div class=\"wp-block-column is-layout-flow wp-block-column-is-layout-flow\">\n<h2 class=\"wp-block-heading\"><span class=\"has-inline-color has-white-color\">Mon histoire <br>       Mon<\/span> <span style=\"color:#c8347a\" class=\"has-inline-color\">plaisir<\/span><\/h2>\n\n\n\n<div style=\"height:120px\" aria-hidden=\"true\" class=\"wp-block-spacer\"><\/div>\n\n\n\n<p><span class=\"has-inline-color has-white-color\">A 19 ans, j&rsquo;ai la chance de cr\u00e9er ma premi\u00e8re boutique en Bretagne. En 1996 le choix de vivre dans le sud fait que je m&rsquo;installe \u00e0 St R\u00e9my de Provence. <\/span><\/p>\n\n\n\n<div style=\"height:126px\" aria-hidden=\"true\" class=\"wp-block-spacer\"><\/div>\n\n\n\n<p class=\"has-white-color has-text-color\">D\u00e8s l&rsquo;\u00e2ge de 6 ans, j&rsquo;organisais des go\u00fbters avec des carr\u00e9s de chocolat. La forme de mes chocolats s&rsquo;est impos\u00e9e d&rsquo;elle-m\u00eame d&rsquo;o\u00f9 ma cr\u00e9ation des carr\u00e9s de chocolat \u00ab&nbsp;l&rsquo;alphabet des saveurs&nbsp;\u00bb.<\/p>\n<\/div>\n<\/div>\n<\/div><\/div>\n\n\n\n<div class=\"wp-block-cover alignfull has-background-dim bannierepointillegauchedroite\" style=\"background-image:url(http:\/\/lakomaki.fr\/jfg-chocolatier\/wp-content\/uploads\/2021\/02\/hot_chocolate_s20_39@2x-1024x171.jpg);min-height:188px;aspect-ratio:unset;\"><div class=\"wp-block-cover__inner-container is-layout-flow wp-block-cover-is-layout-flow\">\n<div class=\"wp-block-buttons aligncenter is-layout-flex wp-block-buttons-is-layout-flex\">\n<div class=\"wp-block-button\"><a class=\"wp-block-button__link\" href=\"http:\/\/lakomaki.fr\/jfg-chocolatier\/contact\/\" style=\"border-radius:50px\" target=\"_blank\" rel=\"noreferrer noopener\">Contactez-moi<\/a><\/div>\n<\/div>\n<\/div><\/div>\n\n\n\n<div class=\"wp-block-group alignfull groupepointilledroite has-background\" style=\"background-color:#9c9b9b\"><div class=\"wp-block-group__inner-container is-layout-flow wp-block-group-is-layout-flow\">\n<div class=\"wp-block-cover aligncenter has-background-dim\" style=\"background-color:#9c9b9b\"><div class=\"wp-block-cover__inner-container is-layout-flow wp-block-cover-is-layout-flow\">\n<div class=\"wp-block-columns is-layout-flex wp-container-core-columns-is-layout-9d6595d7 wp-block-columns-is-layout-flex\">\n<div class=\"wp-block-column is-layout-flow wp-block-column-is-layout-flow\" style=\"flex-basis:66.66%\">\n<p class=\"has-text-align-left has-white-color has-text-color\">L&rsquo;alphabet des saveurs est un de mes r\u00eaves.<br>Chaque lettre et signe de ponctuation a une saveur diff\u00e9rente.<\/p>\n\n\n\n<p class=\"has-text-align-center citations has-white-color has-text-color\" style=\"font-size:40px\"><span style=\"color:#c8347a\" class=\"has-inline-color\">\u00ab&nbsp;Chaque saveur est une cr\u00e9ation,<\/span><br><span style=\"color:#c8347a\" class=\"has-inline-color\">chaque saveur a une histoire&nbsp;\u00bb<\/span><\/p>\n\n\n\n<p class=\"has-text-align-left has-white-color has-text-color\">J&rsquo;imagine les go\u00fbts et les retranscrits ensuite.<br>Pour autant, c&rsquo;est toujours dans un souci constant d&rsquo;\u00e9quilibre entre la douceur et l&rsquo;intensit\u00e9 des parfums.<\/p>\n\n\n\n<p class=\"has-text-align-left has-white-color has-text-color\">En effet, le parfum ne saurait prendre le pas sur le chocolat.<\/p>\n\n\n\n<p class=\"has-text-align-left has-white-color has-text-color\">Parce que j&rsquo;aime ce qui est vrai, je n&rsquo;utilise aucun<br>conservateur ni ar\u00f4me artificiel.<br>Tous les produits utilis\u00e9s sont des produits frais.<\/p>\n\n\n\n<p class=\"has-text-align-center citations\" style=\"font-size:37px\"><span style=\"color:#c8347a\" class=\"has-inline-color\">\u00ab&nbsp;La cr\u00e9ativit\u00e9 est ce qui me fait avancer,<br>pour rester fid\u00e8le \u00e0 mes r\u00eaves d&rsquo;enfants&nbsp;\u00bb<\/span><\/p>\n\n\n\n<p class=\"has-text-align-left has-white-color has-text-color\">Aussi je r\u00e9alise d&rsquo;autres produits comme les cr\u00e8mes caramel au beurre sal\u00e9, les rochers d&rsquo;amandes caram\u00e9lis\u00e9es enrob\u00e9es de chocolat, les confitures, et ce n&rsquo;est pas fini\u2026<\/p>\n\n\n\n<p class=\"has-text-align-left has-white-color has-text-color\">Jean-Fran\u00e7ois Gourmand &#8211; Chocolatier <span style=\"color:#c8347a\" class=\"has-inline-color\">plaisir<\/span><\/p>\n<\/div>\n\n\n\n<div class=\"wp-block-column is-layout-flow wp-block-column-is-layout-flow\" style=\"flex-basis:33.33%\">\n<div style=\"height:129px\" aria-hidden=\"true\" class=\"wp-block-spacer\"><\/div>\n\n\n\n<div class=\"wp-block-image\"><figure class=\"aligncenter size-large\"><img loading=\"lazy\" decoding=\"async\" width=\"117\" height=\"119\" src=\"http:\/\/lakomaki.fr\/jfg-chocolatier\/wp-content\/uploads\/2021\/02\/Groupe-8.png\" alt=\"monogramme-chocolatier\" class=\"wp-image-29\"\/><\/figure><\/div>\n\n\n\n<div style=\"height:113px\" aria-hidden=\"true\" class=\"wp-block-spacer\"><\/div>\n\n\n\n<figure class=\"wp-block-image size-large\"><img loading=\"lazy\" decoding=\"async\" width=\"810\" height=\"760\" src=\"http:\/\/lakomaki.fr\/jfg-chocolatier\/wp-content\/uploads\/2021\/02\/Groupe-75@2x.png\" alt=\"\" class=\"wp-image-246\" srcset=\"http:\/\/lakomaki.fr\/jfg-chocolatier\/wp-content\/uploads\/2021\/02\/Groupe-75@2x.png 810w, http:\/\/lakomaki.fr\/jfg-chocolatier\/wp-content\/uploads\/2021\/02\/Groupe-75@2x-300x281.png 300w, http:\/\/lakomaki.fr\/jfg-chocolatier\/wp-content\/uploads\/2021\/02\/Groupe-75@2x-768x721.png 768w\" sizes=\"auto, (max-width: 810px) 100vw, 810px\" \/><\/figure>\n<\/div>\n<\/div>\n<\/div><\/div>\n<\/div><\/div>\n","protected":false},"excerpt":{"rendered":"<p>A propos de<\/p>\n","protected":false},"author":1,"featured_media":0,"parent":0,"menu_order":0,"comment_status":"closed","ping_status":"closed","template":"","meta":{"footnotes":""},"class_list":["post-33","page","type-page","status-publish","hentry"],"uagb_featured_image_src":{"full":false,"thumbnail":false,"medium":false,"medium_large":false,"large":false,"1536x1536":false,"2048x2048":false},"uagb_author_info":{"display_name":"jorisduprey","author_link":"http:\/\/lakomaki.fr\/jfg-chocolatier\/author\/jorisduprey\/"},"uagb_comment_info":0,"uagb_excerpt":"A propos de","_links":{"self":[{"href":"http:\/\/lakomaki.fr\/jfg-chocolatier\/wp-json\/wp\/v2\/pages\/33","targetHints":{"allow":["GET"]}}],"collection":[{"href":"http:\/\/lakomaki.fr\/jfg-chocolatier\/wp-json\/wp\/v2\/pages"}],"about":[{"href":"http:\/\/lakomaki.fr\/jfg-chocolatier\/wp-json\/wp\/v2\/types\/page"}],"author":[{"embeddable":true,"href":"http:\/\/lakomaki.fr\/jfg-chocolatier\/wp-json\/wp\/v2\/users\/1"}],"replies":[{"embeddable":true,"href":"http:\/\/lakomaki.fr\/jfg-chocolatier\/wp-json\/wp\/v2\/comments?post=33"}],"version-history":[{"count":23,"href":"http:\/\/lakomaki.fr\/jfg-chocolatier\/wp-json\/wp\/v2\/pages\/33\/revisions"}],"predecessor-version":[{"id":458,"href":"http:\/\/lakomaki.fr\/jfg-chocolatier\/wp-json\/wp\/v2\/pages\/33\/revisions\/458"}],"wp:attachment":[{"href":"http:\/\/lakomaki.fr\/jfg-chocolatier\/wp-json\/wp\/v2\/media?parent=33"}],"curies":[{"name":"wp","href":"https:\/\/api.w.org\/{rel}","templated":true}]}}