{"id":35,"date":"2021-02-03T15:27:16","date_gmt":"2021-02-03T14:27:16","guid":{"rendered":"http:\/\/lakomaki.fr\/jfg-chocolatier\/?page_id=35"},"modified":"2021-02-17T11:34:05","modified_gmt":"2021-02-17T10:34:05","slug":"idees-recettes","status":"publish","type":"page","link":"http:\/\/lakomaki.fr\/jfg-chocolatier\/idees-recettes\/","title":{"rendered":"Id\u00e9es recettes"},"content":{"rendered":"\n<div style=\"height:100px\" aria-hidden=\"true\" class=\"wp-block-spacer\"><\/div>\n\n\n\n<h2 class=\"rondrose wp-block-heading\"><span style=\"color:#c8347a\" class=\"has-inline-color\">Id\u00e9es <\/span><span style=\"color:#4e4e4e\" class=\"has-inline-color\">Recettes<\/span><\/h2>\n\n\n\n<div class=\"wp-block-group alignfull groupepointillegauche has-background\" style=\"background-color:#d9d9d9\"><div class=\"wp-block-group__inner-container is-layout-flow wp-block-group-is-layout-flow\">\n<div class=\"wp-block-cover aligncenter has-background-dim\" style=\"background-color:#d9d9d9;min-height:664px;aspect-ratio:unset;\"><div class=\"wp-block-cover__inner-container is-layout-flow wp-block-cover-is-layout-flow\">\n<div class=\"wp-block-columns is-layout-flex wp-container-core-columns-is-layout-9d6595d7 wp-block-columns-is-layout-flex\">\n<div class=\"wp-block-column is-vertically-aligned-center is-layout-flow wp-block-column-is-layout-flow\" style=\"flex-basis:40%\">\n<div style=\"height:100px\" aria-hidden=\"true\" class=\"wp-block-spacer\"><\/div>\n\n\n\n<figure class=\"wp-block-image size-large\"><img loading=\"lazy\" decoding=\"async\" width=\"1024\" height=\"682\" src=\"http:\/\/lakomaki.fr\/jfg-chocolatier\/wp-content\/uploads\/2021\/02\/Groupe-47@2x-1024x682.jpg\" alt=\"\" class=\"wp-image-201\" srcset=\"http:\/\/lakomaki.fr\/jfg-chocolatier\/wp-content\/uploads\/2021\/02\/Groupe-47@2x-1024x682.jpg 1024w, http:\/\/lakomaki.fr\/jfg-chocolatier\/wp-content\/uploads\/2021\/02\/Groupe-47@2x-300x200.jpg 300w, http:\/\/lakomaki.fr\/jfg-chocolatier\/wp-content\/uploads\/2021\/02\/Groupe-47@2x-768x512.jpg 768w, http:\/\/lakomaki.fr\/jfg-chocolatier\/wp-content\/uploads\/2021\/02\/Groupe-47@2x.jpg 1486w\" sizes=\"auto, (max-width: 1024px) 100vw, 1024px\" \/><\/figure>\n\n\n\n<div class=\"wp-block-image\"><figure class=\"aligncenter size-large is-resized\"><img loading=\"lazy\" decoding=\"async\" src=\"http:\/\/lakomaki.fr\/jfg-chocolatier\/wp-content\/uploads\/2021\/02\/Groupe-47@2x-edited.jpg\" alt=\"\" class=\"wp-image-472\" width=\"352\" height=\"263\" srcset=\"http:\/\/lakomaki.fr\/jfg-chocolatier\/wp-content\/uploads\/2021\/02\/Groupe-47@2x-edited.jpg 526w, http:\/\/lakomaki.fr\/jfg-chocolatier\/wp-content\/uploads\/2021\/02\/Groupe-47@2x-edited-300x225.jpg 300w\" sizes=\"auto, (max-width: 352px) 100vw, 352px\" \/><\/figure><\/div>\n<\/div>\n\n\n\n<div class=\"wp-block-column is-layout-flow wp-block-column-is-layout-flow\">\n<h3 class=\"has-text-align-left wp-block-heading\" style=\"font-size:33px\"><span style=\"color:#4e4e4e\" class=\"has-inline-color\">Cr\u00e8me br\u00fbl\u00e9e <\/span><br><span style=\"color:#4e4e4e\" class=\"has-inline-color\">au chocolat et \u00e0 l&rsquo;orange<\/span><\/h3>\n\n\n\n<p class=\"has-text-align-left\"><span style=\"color:#4e4e4e\" class=\"has-inline-color\">Difficult\u00e9&nbsp;: tr\u00e8s facile <br>Temps de pr\u00e9paration&nbsp;: 10 mn <br><br>1- Je casse le chocolat en morceaux. <br>2- je fais bouillir la cr\u00e8me et le lait. <br>3- Hors du feu, j&rsquo;ajoute le chocolat et je fouette. <br>4- Il faut fouetter les jaunes et le sucre puis ajouter la cr\u00e8me et m\u00e9langer. <br>Enfin je d\u00e9pose quelques d\u00e9s d&rsquo;oranges confites au fonds des ramequins et je verse le m\u00e9lange. <br>Je fais cuire au bain-marie, au four (th 5\/150\u00b0C) une demi heure. <br>Je laisse refroidir. <br><br>Pour terminer je saupoudre les cr\u00e8mes de cassonade et les fais caram\u00e9liser sous le grill.<\/span><\/p>\n<\/div>\n<\/div>\n<\/div><\/div>\n<\/div><\/div>\n\n\n\n<div class=\"wp-block-group alignfull groupepointilledroite\"><div class=\"wp-block-group__inner-container is-layout-flow wp-block-group-is-layout-flow\">\n<div class=\"wp-block-columns is-layout-flex wp-container-core-columns-is-layout-9d6595d7 wp-block-columns-is-layout-flex\">\n<div class=\"wp-block-column is-layout-flow wp-block-column-is-layout-flow\">\n<h3 class=\"wp-block-heading\" style=\"font-size:33px\"><span style=\"color:#4e4e4e\" class=\"has-inline-color\">Muffins <\/span><br><span style=\"color:#4e4e4e\" class=\"has-inline-color\">au chocolat<\/span><\/h3>\n\n\n\n<p>Difficult\u00e9&nbsp;: tr\u00e8s facile <br>Temps de pr\u00e9paration&nbsp;: 15 mn <br><br>1- Je casse les 200g de chocolat en morceaux et j&rsquo;en garde 6 pour tout \u00e0 l&rsquo;heure. Je fais fondre le chocolat avec le beurre au micro-ondes. <br>2- Pendant ce temps je bats les \u0153ufs avec le sucre et je rajouter la farine. Je verse ensuite la pr\u00e9paration chocolat sur le m\u00e9lange \u0153ufs et je fouette. Enfin je rajoute la levure. <br>3- Je verse la pr\u00e9paration dans mes moules a muffin et je mets un carreau de chocolat dans chaque muffin (pour un c\u0153ur fondant). <br>4- Je cuits le tout \u00e0 180\u00b0C pendant 10 minutes.<\/p>\n<\/div>\n\n\n\n<div class=\"wp-block-column is-layout-flow wp-block-column-is-layout-flow\">\n<div style=\"height:100px\" aria-hidden=\"true\" class=\"wp-block-spacer\"><\/div>\n\n\n\n<figure class=\"wp-block-image size-large\"><img loading=\"lazy\" decoding=\"async\" width=\"1024\" height=\"869\" src=\"http:\/\/lakomaki.fr\/jfg-chocolatier\/wp-content\/uploads\/2021\/02\/Groupe-73@2x-1024x869.jpg\" alt=\"\" class=\"wp-image-202\" srcset=\"http:\/\/lakomaki.fr\/jfg-chocolatier\/wp-content\/uploads\/2021\/02\/Groupe-73@2x-1024x869.jpg 1024w, http:\/\/lakomaki.fr\/jfg-chocolatier\/wp-content\/uploads\/2021\/02\/Groupe-73@2x-300x255.jpg 300w, http:\/\/lakomaki.fr\/jfg-chocolatier\/wp-content\/uploads\/2021\/02\/Groupe-73@2x-768x652.jpg 768w, http:\/\/lakomaki.fr\/jfg-chocolatier\/wp-content\/uploads\/2021\/02\/Groupe-73@2x-1536x1304.jpg 1536w, http:\/\/lakomaki.fr\/jfg-chocolatier\/wp-content\/uploads\/2021\/02\/Groupe-73@2x.jpg 1692w\" sizes=\"auto, (max-width: 1024px) 100vw, 1024px\" \/><\/figure>\n<\/div>\n<\/div>\n<\/div><\/div>\n\n\n\n<div class=\"wp-block-group alignfull has-background\" style=\"background-color:#9c9b9b\"><div class=\"wp-block-group__inner-container is-layout-flow wp-block-group-is-layout-flow\">\n<div class=\"wp-block-cover aligncenter has-background-dim\" style=\"background-color:#9c9b9b\"><div class=\"wp-block-cover__inner-container is-layout-flow wp-block-cover-is-layout-flow\">\n<div class=\"wp-block-columns is-layout-flex wp-container-core-columns-is-layout-9d6595d7 wp-block-columns-is-layout-flex\">\n<div class=\"wp-block-column is-layout-flow wp-block-column-is-layout-flow\" style=\"flex-basis:50%\">\n<div style=\"height:100px\" aria-hidden=\"true\" class=\"wp-block-spacer\"><\/div>\n\n\n\n<figure class=\"wp-block-image size-large\"><img loading=\"lazy\" decoding=\"async\" width=\"889\" height=\"1024\" src=\"http:\/\/lakomaki.fr\/jfg-chocolatier\/wp-content\/uploads\/2021\/02\/Groupe-48@2x-889x1024.jpg\" alt=\"\" class=\"wp-image-203\" srcset=\"http:\/\/lakomaki.fr\/jfg-chocolatier\/wp-content\/uploads\/2021\/02\/Groupe-48@2x-889x1024.jpg 889w, http:\/\/lakomaki.fr\/jfg-chocolatier\/wp-content\/uploads\/2021\/02\/Groupe-48@2x-261x300.jpg 261w, http:\/\/lakomaki.fr\/jfg-chocolatier\/wp-content\/uploads\/2021\/02\/Groupe-48@2x-768x884.jpg 768w, http:\/\/lakomaki.fr\/jfg-chocolatier\/wp-content\/uploads\/2021\/02\/Groupe-48@2x-1334x1536.jpg 1334w, http:\/\/lakomaki.fr\/jfg-chocolatier\/wp-content\/uploads\/2021\/02\/Groupe-48@2x.jpg 1690w\" sizes=\"auto, (max-width: 889px) 100vw, 889px\" \/><\/figure>\n\n\n\n<div class=\"wp-block-image\"><figure class=\"aligncenter size-large is-resized\"><img loading=\"lazy\" decoding=\"async\" src=\"http:\/\/lakomaki.fr\/jfg-chocolatier\/wp-content\/uploads\/2021\/02\/Easter-chocolate-eggs-in-the-nest-05-683x1024.jpg\" alt=\"\" class=\"wp-image-467\" width=\"234\" height=\"349\"\/><\/figure><\/div>\n<\/div>\n\n\n\n<div class=\"wp-block-column is-layout-flow wp-block-column-is-layout-flow\" style=\"flex-basis:50%\">\n<h3 class=\"has-text-align-left wp-block-heading\" style=\"font-size:33px\"><span class=\"has-inline-color has-white-color\">\u0152ufs <\/span><br><span class=\"has-inline-color has-white-color\">en chocolat<\/span><\/h3>\n\n\n\n<p class=\"has-text-align-left\"><span class=\"has-inline-color has-white-color\">Difficult\u00e9&nbsp;: difficile <\/span><br><br><span class=\"has-inline-color has-white-color\">1 &#8211; Je fais fondre le chocolat dans ma chocolati\u00e8re, je garni chaque moule d&rsquo;une couche de chocolat fondu, en faisant attention \u00e0 ce que toute la paroi soit couverte. J&rsquo;\u00f4te l&rsquo;exc\u00e9dent de chocolat, si besoin, en le faisant couler dans la chocolati\u00e8re. Je laisse le moule sur mon plan de travail. Quand le chocolat est durci, je met une seconde couche de chocolat dans chaque moule et je r\u00e9serve au frais pendant environ 20 mn. Chaque \u0153uf doit avoir une \u00e9paisseur de 2 \u00e0 3 mn. <\/span><br><span class=\"has-inline-color has-white-color\">Je d\u00e9moule ensuite avec pr\u00e9caution. <\/span><br><br><span class=\"has-inline-color has-white-color\">2 &#8211; Pour assembler les \u0153ufs&nbsp;: Je fais chauffer une po\u00eale vide quelques secondes. Quand elle est chaude, j&rsquo;\u00f4te du feu. Je place alors deux moiti\u00e9s d&rsquo;\u0153ufs sur la po\u00eale (une seconde ou deux suffisent). Je garnis les \u0153ufs (\u0153ufs en sucre, en nougatine, fritures maison) et j&rsquo; assemble. Je lisse au doigt la jointure et les conserve \u00e0 l&rsquo;abri de la lumi\u00e8re, dans une bo\u00eete (mais pas au frais&nbsp;!).<\/span><\/p>\n<\/div>\n<\/div>\n<\/div><\/div>\n<\/div><\/div>\n","protected":false},"excerpt":{"rendered":"<p>Id\u00e9es Recettes Muffins au chocolat Difficult\u00e9&nbsp;: tr\u00e8s facile Temps de pr\u00e9paration&nbsp;: 15 mn 1- Je casse les 200g de chocolat en morceaux et j&rsquo;en garde 6 pour tout \u00e0 l&rsquo;heure. Je fais fondre le chocolat avec le beurre au micro-ondes. 2- Pendant ce temps je bats les \u0153ufs avec le sucre et je rajouter la &hellip;<\/p>\n<p class=\"read-more\"> <a class=\"\" href=\"http:\/\/lakomaki.fr\/jfg-chocolatier\/idees-recettes\/\"> <span class=\"screen-reader-text\">Id\u00e9es recettes<\/span> Lire la suite\u00a0\u00bb<\/a><\/p>\n","protected":false},"author":1,"featured_media":0,"parent":0,"menu_order":0,"comment_status":"closed","ping_status":"closed","template":"","meta":{"footnotes":""},"class_list":["post-35","page","type-page","status-publish","hentry"],"uagb_featured_image_src":{"full":false,"thumbnail":false,"medium":false,"medium_large":false,"large":false,"1536x1536":false,"2048x2048":false},"uagb_author_info":{"display_name":"jorisduprey","author_link":"http:\/\/lakomaki.fr\/jfg-chocolatier\/author\/jorisduprey\/"},"uagb_comment_info":0,"uagb_excerpt":"Id\u00e9es Recettes Muffins au chocolat Difficult\u00e9&nbsp;: tr\u00e8s facile Temps de pr\u00e9paration&nbsp;: 15 mn 1- Je casse les 200g de chocolat en morceaux et j&rsquo;en garde 6 pour tout \u00e0 l&rsquo;heure. Je fais fondre le chocolat avec le beurre au micro-ondes. 2- Pendant ce temps je bats les \u0153ufs avec le sucre et je rajouter la\u2026","_links":{"self":[{"href":"http:\/\/lakomaki.fr\/jfg-chocolatier\/wp-json\/wp\/v2\/pages\/35","targetHints":{"allow":["GET"]}}],"collection":[{"href":"http:\/\/lakomaki.fr\/jfg-chocolatier\/wp-json\/wp\/v2\/pages"}],"about":[{"href":"http:\/\/lakomaki.fr\/jfg-chocolatier\/wp-json\/wp\/v2\/types\/page"}],"author":[{"embeddable":true,"href":"http:\/\/lakomaki.fr\/jfg-chocolatier\/wp-json\/wp\/v2\/users\/1"}],"replies":[{"embeddable":true,"href":"http:\/\/lakomaki.fr\/jfg-chocolatier\/wp-json\/wp\/v2\/comments?post=35"}],"version-history":[{"count":15,"href":"http:\/\/lakomaki.fr\/jfg-chocolatier\/wp-json\/wp\/v2\/pages\/35\/revisions"}],"predecessor-version":[{"id":474,"href":"http:\/\/lakomaki.fr\/jfg-chocolatier\/wp-json\/wp\/v2\/pages\/35\/revisions\/474"}],"wp:attachment":[{"href":"http:\/\/lakomaki.fr\/jfg-chocolatier\/wp-json\/wp\/v2\/media?parent=35"}],"curies":[{"name":"wp","href":"https:\/\/api.w.org\/{rel}","templated":true}]}}