{"id":36,"date":"2021-02-03T15:27:16","date_gmt":"2021-02-03T14:27:16","guid":{"rendered":"http:\/\/lakomaki.fr\/jfg-chocolatier\/?page_id=36"},"modified":"2021-02-17T12:31:06","modified_gmt":"2021-02-17T11:31:06","slug":"mes-specialites","status":"publish","type":"page","link":"http:\/\/lakomaki.fr\/jfg-chocolatier\/mes-specialites\/","title":{"rendered":"Mes specialit\u00e9s"},"content":{"rendered":"\n<div style=\"height:77px\" aria-hidden=\"true\" class=\"wp-block-spacer\"><\/div>\n\n\n\n<h2 class=\"rondrose wp-block-heading\"><span style=\"color:#c8347a\" class=\"has-inline-color\">Mes <\/span><span style=\"color:#4e4e4e\" class=\"has-inline-color\">sp\u00e9cialit\u00e9s<\/span><\/h2>\n\n\n\n<div style=\"height:44px\" aria-hidden=\"true\" class=\"wp-block-spacer\"><\/div>\n\n\n\n<figure class=\"wp-block-image alignfull size-large\"><img loading=\"lazy\" decoding=\"async\" width=\"1024\" height=\"124\" src=\"http:\/\/lakomaki.fr\/jfg-chocolatier\/wp-content\/uploads\/2021\/02\/23@2x-1024x124.jpg\" alt=\"\" class=\"wp-image-183\" srcset=\"http:\/\/lakomaki.fr\/jfg-chocolatier\/wp-content\/uploads\/2021\/02\/23@2x-1024x124.jpg 1024w, http:\/\/lakomaki.fr\/jfg-chocolatier\/wp-content\/uploads\/2021\/02\/23@2x-300x36.jpg 300w, http:\/\/lakomaki.fr\/jfg-chocolatier\/wp-content\/uploads\/2021\/02\/23@2x-768x93.jpg 768w, http:\/\/lakomaki.fr\/jfg-chocolatier\/wp-content\/uploads\/2021\/02\/23@2x-1536x186.jpg 1536w, http:\/\/lakomaki.fr\/jfg-chocolatier\/wp-content\/uploads\/2021\/02\/23@2x-2048x248.jpg 2048w\" sizes=\"auto, (max-width: 1024px) 100vw, 1024px\" \/><\/figure>\n\n\n\n<div style=\"height:10px\" aria-hidden=\"true\" class=\"wp-block-spacer\"><\/div>\n\n\n\n<div class=\"wp-block-columns is-layout-flex wp-container-core-columns-is-layout-9d6595d7 wp-block-columns-is-layout-flex\">\n<div class=\"wp-block-column is-layout-flow wp-block-column-is-layout-flow\">\n<figure class=\"wp-block-image size-large\"><a href=\"#coffretchoco\"><img loading=\"lazy\" decoding=\"async\" width=\"766\" height=\"684\" src=\"http:\/\/lakomaki.fr\/jfg-chocolatier\/wp-content\/uploads\/2021\/02\/Groupe-71@2x.jpg\" alt=\"\" class=\"wp-image-184\" srcset=\"http:\/\/lakomaki.fr\/jfg-chocolatier\/wp-content\/uploads\/2021\/02\/Groupe-71@2x.jpg 766w, http:\/\/lakomaki.fr\/jfg-chocolatier\/wp-content\/uploads\/2021\/02\/Groupe-71@2x-300x268.jpg 300w\" sizes=\"auto, (max-width: 766px) 100vw, 766px\" \/><\/a><\/figure>\n<\/div>\n\n\n\n<div class=\"wp-block-column is-layout-flow wp-block-column-is-layout-flow\">\n<figure class=\"wp-block-image size-large\"><a href=\"#coffretganache\"><img loading=\"lazy\" decoding=\"async\" width=\"766\" height=\"684\" src=\"http:\/\/lakomaki.fr\/jfg-chocolatier\/wp-content\/uploads\/2021\/02\/Groupe-69@2x.jpg\" alt=\"\" class=\"wp-image-185\" srcset=\"http:\/\/lakomaki.fr\/jfg-chocolatier\/wp-content\/uploads\/2021\/02\/Groupe-69@2x.jpg 766w, http:\/\/lakomaki.fr\/jfg-chocolatier\/wp-content\/uploads\/2021\/02\/Groupe-69@2x-300x268.jpg 300w\" sizes=\"auto, (max-width: 766px) 100vw, 766px\" \/><\/a><\/figure>\n<\/div>\n\n\n\n<div class=\"wp-block-column is-layout-flow wp-block-column-is-layout-flow\">\n<figure class=\"wp-block-image size-large\"><a href=\"#truffes\"><img loading=\"lazy\" decoding=\"async\" width=\"766\" height=\"684\" src=\"http:\/\/lakomaki.fr\/jfg-chocolatier\/wp-content\/uploads\/2021\/02\/Groupe-70@2x.jpg\" alt=\"\" class=\"wp-image-186\" srcset=\"http:\/\/lakomaki.fr\/jfg-chocolatier\/wp-content\/uploads\/2021\/02\/Groupe-70@2x.jpg 766w, http:\/\/lakomaki.fr\/jfg-chocolatier\/wp-content\/uploads\/2021\/02\/Groupe-70@2x-300x268.jpg 300w\" sizes=\"auto, (max-width: 766px) 100vw, 766px\" \/><\/a><\/figure>\n<\/div>\n<\/div>\n\n\n\n<div class=\"wp-block-group alignfull groupepointillegauche has-background\" id=\"coffretchoco\" style=\"background-color:#d9d9d9\"><div class=\"wp-block-group__inner-container is-layout-flow wp-block-group-is-layout-flow\">\n<div class=\"wp-block-cover has-background-dim\" style=\"background-color:#d9d9d9;min-height:977px;aspect-ratio:unset;\"><div class=\"wp-block-cover__inner-container is-layout-flow wp-block-cover-is-layout-flow\">\n<div class=\"wp-block-image\"><figure class=\"aligncenter size-large\"><img loading=\"lazy\" decoding=\"async\" width=\"117\" height=\"119\" src=\"http:\/\/lakomaki.fr\/jfg-chocolatier\/wp-content\/uploads\/2021\/02\/Groupe-8.png\" alt=\"monogramme-chocolatier\" class=\"wp-image-29\"\/><\/figure><\/div>\n\n\n\n<div style=\"height:43px\" aria-hidden=\"true\" class=\"wp-block-spacer\"><\/div>\n\n\n\n<div class=\"wp-block-columns is-layout-flex wp-container-core-columns-is-layout-9d6595d7 wp-block-columns-is-layout-flex\">\n<div class=\"wp-block-column is-layout-flow wp-block-column-is-layout-flow\" style=\"flex-basis:50%\">\n<div style=\"height:1px\" aria-hidden=\"true\" class=\"wp-block-spacer\"><\/div>\n\n\n\n<figure class=\"wp-block-image alignfull size-large\"><img loading=\"lazy\" decoding=\"async\" width=\"1024\" height=\"668\" src=\"http:\/\/lakomaki.fr\/jfg-chocolatier\/wp-content\/uploads\/2021\/02\/food-3180358_1920@2x-1024x668.jpg\" alt=\"\" class=\"wp-image-187\" srcset=\"http:\/\/lakomaki.fr\/jfg-chocolatier\/wp-content\/uploads\/2021\/02\/food-3180358_1920@2x-1024x668.jpg 1024w, http:\/\/lakomaki.fr\/jfg-chocolatier\/wp-content\/uploads\/2021\/02\/food-3180358_1920@2x-300x196.jpg 300w, http:\/\/lakomaki.fr\/jfg-chocolatier\/wp-content\/uploads\/2021\/02\/food-3180358_1920@2x-768x501.jpg 768w, http:\/\/lakomaki.fr\/jfg-chocolatier\/wp-content\/uploads\/2021\/02\/food-3180358_1920@2x-1536x1002.jpg 1536w, http:\/\/lakomaki.fr\/jfg-chocolatier\/wp-content\/uploads\/2021\/02\/food-3180358_1920@2x.jpg 1690w\" sizes=\"auto, (max-width: 1024px) 100vw, 1024px\" \/><\/figure>\n\n\n\n<div style=\"height:1px\" aria-hidden=\"true\" class=\"wp-block-spacer\"><\/div>\n\n\n\n<div class=\"wp-block-image\"><figure class=\"aligncenter size-large is-resized\"><img decoding=\"async\" src=\"http:\/\/lakomaki.fr\/jfg-chocolatier\/wp-content\/uploads\/2021\/02\/raspberry-4825266_1920@2x-1-1024x156.jpg\" alt=\"\" class=\"wp-image-176\" width=\"-65\" height=\"-9\" srcset=\"http:\/\/lakomaki.fr\/jfg-chocolatier\/wp-content\/uploads\/2021\/02\/raspberry-4825266_1920@2x-1-1024x156.jpg 1024w, http:\/\/lakomaki.fr\/jfg-chocolatier\/wp-content\/uploads\/2021\/02\/raspberry-4825266_1920@2x-1-300x46.jpg 300w, http:\/\/lakomaki.fr\/jfg-chocolatier\/wp-content\/uploads\/2021\/02\/raspberry-4825266_1920@2x-1-768x117.jpg 768w, http:\/\/lakomaki.fr\/jfg-chocolatier\/wp-content\/uploads\/2021\/02\/raspberry-4825266_1920@2x-1-1536x234.jpg 1536w, http:\/\/lakomaki.fr\/jfg-chocolatier\/wp-content\/uploads\/2021\/02\/raspberry-4825266_1920@2x-1-2048x313.jpg 2048w\" sizes=\"(max-width: 1024px) 100vw, 1024px\" \/><\/figure><\/div>\n<\/div>\n\n\n\n<div class=\"wp-block-column is-layout-flow wp-block-column-is-layout-flow\" style=\"flex-basis:50%\">\n<h3 class=\"wp-block-heading\"><span style=\"color:#4e4e4e\" class=\"has-inline-color\">Les <\/span><span style=\"color:#c8347a\" class=\"has-inline-color\">coffrets<\/span><br><span style=\"color:#4e4e4e\" class=\"has-inline-color\">chocolat noir et lait<\/span><\/h3>\n\n\n\n<p><span style=\"color:#4e4e4e\" class=\"has-inline-color\">Coffret embl\u00e9matique de Jean-Fran\u00e7ois Gourmand&nbsp;: Cet \u00e9crin aux lignes \u00e9l\u00e9gantes renferme un assortiment des meilleurs ganaches, pralin\u00e9s et p\u00e2te d&rsquo;amande, <\/span><br><span style=\"color:#4e4e4e\" class=\"has-inline-color\">natures et parfum\u00e9s. <\/span><\/p>\n\n\n\n<p><span style=\"color:#4e4e4e\" class=\"has-inline-color\">Un cadeau id\u00e9al pour d\u00e9couvrir ou faire d\u00e9couvrir les cr\u00e9ations de Jean-Fran\u00e7ois Gourmand.<\/span><\/p>\n\n\n\n<div class=\"wp-block-buttons aligncenter is-layout-flex wp-block-buttons-is-layout-flex\">\n<div class=\"wp-block-button\"><a class=\"wp-block-button__link\" href=\"http:\/\/lakomaki.fr\/jfg-chocolatier\/contact\/\" style=\"border-radius:50px\" target=\"_blank\" rel=\"noreferrer noopener\">Commandez<\/a><\/div>\n<\/div>\n<\/div>\n<\/div>\n<\/div><\/div>\n<\/div><\/div>\n\n\n\n<div class=\"wp-block-group alignfull groupepointilledroite has-background\" id=\"truffes\" style=\"background-color:#9c9b9b\"><div class=\"wp-block-group__inner-container is-layout-flow wp-block-group-is-layout-flow\">\n<div class=\"wp-block-cover has-background-dim\" style=\"background-color:#9c9b9b\"><div class=\"wp-block-cover__inner-container is-layout-flow wp-block-cover-is-layout-flow\">\n<div style=\"height:33px\" aria-hidden=\"true\" class=\"wp-block-spacer\"><\/div>\n\n\n\n<div class=\"wp-block-columns is-layout-flex wp-container-core-columns-is-layout-9d6595d7 wp-block-columns-is-layout-flex\">\n<div class=\"wp-block-column is-layout-flow wp-block-column-is-layout-flow\">\n<h3 class=\"wp-block-heading\"><span style=\"color:#4e4e4e\" class=\"has-inline-color\">Les<\/span><br><span style=\"color:#c8347a\" class=\"has-inline-color\">Truffes<\/span><\/h3>\n\n\n\n<p><span class=\"has-inline-color has-white-color\">Coffret garni d&rsquo;un assortiment de 4 truffes aux ganaches sign\u00e9es Jean-Fran\u00e7ois Gourmand.<\/span><br><br><span style=\"color:#c8347a\" class=\"has-inline-color\"><strong>Truffe nature noire&nbsp;: <\/strong><\/span><br><span class=\"has-inline-color has-white-color\">ronde, puissante et sans amertume. <\/span><br><br><span style=\"color:#c8347a\" class=\"has-inline-color\"><strong>Truffe framboise&nbsp;: <\/strong><\/span><br><span class=\"has-inline-color has-white-color\">ganache chocolat noir \u00e0 la pulpe de framboises fra\u00eeches. <\/span><br><br><span style=\"color:#c8347a\" class=\"has-inline-color\"><strong>Truffe orange&nbsp;: <\/strong><\/span><br><span class=\"has-inline-color has-white-color\">ganache chocolat noir \u00e0 l&rsquo;orange am\u00e8re et soup\u00e7on de zeste frais. <\/span><br><br><span style=\"color:#c8347a\" class=\"has-inline-color\"><strong>Truffe caramel toffee&nbsp;: <\/strong><\/span><br><span class=\"has-inline-color has-white-color\">ganache chocolat lait, infusion de vanille Bourbon, et pointe de sel.<\/span><\/p>\n<\/div>\n\n\n\n<div class=\"wp-block-column is-layout-flow wp-block-column-is-layout-flow\">\n<div style=\"height:218px\" aria-hidden=\"true\" class=\"wp-block-spacer\"><\/div>\n\n\n\n<figure class=\"wp-block-image size-large\"><img loading=\"lazy\" decoding=\"async\" width=\"1024\" height=\"557\" src=\"http:\/\/lakomaki.fr\/jfg-chocolatier\/wp-content\/uploads\/2021\/02\/Groupe-72@2x-1024x557.png\" alt=\"\" class=\"wp-image-194\" srcset=\"http:\/\/lakomaki.fr\/jfg-chocolatier\/wp-content\/uploads\/2021\/02\/Groupe-72@2x-1024x557.png 1024w, http:\/\/lakomaki.fr\/jfg-chocolatier\/wp-content\/uploads\/2021\/02\/Groupe-72@2x-300x163.png 300w, http:\/\/lakomaki.fr\/jfg-chocolatier\/wp-content\/uploads\/2021\/02\/Groupe-72@2x-768x418.png 768w, http:\/\/lakomaki.fr\/jfg-chocolatier\/wp-content\/uploads\/2021\/02\/Groupe-72@2x-1536x836.png 1536w, http:\/\/lakomaki.fr\/jfg-chocolatier\/wp-content\/uploads\/2021\/02\/Groupe-72@2x-2048x1115.png 2048w\" sizes=\"auto, (max-width: 1024px) 100vw, 1024px\" \/><\/figure>\n\n\n\n<div style=\"height:100px\" aria-hidden=\"true\" class=\"wp-block-spacer\"><\/div>\n\n\n\n<div class=\"wp-block-buttons aligncenter is-layout-flex wp-block-buttons-is-layout-flex\">\n<div class=\"wp-block-button\"><a class=\"wp-block-button__link\" href=\"http:\/\/lakomaki.fr\/jfg-chocolatier\/contact\/\" style=\"border-radius:50px\" target=\"_blank\" rel=\"noreferrer noopener\">Commandez<\/a><\/div>\n<\/div>\n<\/div>\n<\/div>\n\n\n\n<p><\/p>\n<\/div><\/div>\n<\/div><\/div>\n\n\n\n<div class=\"wp-block-group alignfull groupepointillegauche\" id=\"coffretganache\"><div class=\"wp-block-group__inner-container is-layout-flow wp-block-group-is-layout-flow\">\n<div class=\"wp-block-columns is-layout-flex wp-container-core-columns-is-layout-9d6595d7 wp-block-columns-is-layout-flex\">\n<div class=\"wp-block-column is-layout-flow wp-block-column-is-layout-flow\">\n<div style=\"height:172px\" aria-hidden=\"true\" class=\"wp-block-spacer\"><\/div>\n\n\n\n<figure class=\"wp-block-image size-large\"><img loading=\"lazy\" decoding=\"async\" width=\"1024\" height=\"683\" src=\"http:\/\/lakomaki.fr\/jfg-chocolatier\/wp-content\/uploads\/2021\/02\/13027795-1024x683.jpg\" alt=\"\" class=\"wp-image-197\" srcset=\"http:\/\/lakomaki.fr\/jfg-chocolatier\/wp-content\/uploads\/2021\/02\/13027795-1024x683.jpg 1024w, http:\/\/lakomaki.fr\/jfg-chocolatier\/wp-content\/uploads\/2021\/02\/13027795-300x200.jpg 300w, http:\/\/lakomaki.fr\/jfg-chocolatier\/wp-content\/uploads\/2021\/02\/13027795-768x512.jpg 768w, http:\/\/lakomaki.fr\/jfg-chocolatier\/wp-content\/uploads\/2021\/02\/13027795-1536x1024.jpg 1536w, http:\/\/lakomaki.fr\/jfg-chocolatier\/wp-content\/uploads\/2021\/02\/13027795-2048x1365.jpg 2048w\" sizes=\"auto, (max-width: 1024px) 100vw, 1024px\" \/><\/figure>\n\n\n\n<div class=\"wp-block-image\"><figure class=\"aligncenter size-large is-resized\"><img loading=\"lazy\" decoding=\"async\" src=\"http:\/\/lakomaki.fr\/jfg-chocolatier\/wp-content\/uploads\/2021\/02\/31-edited.jpg\" alt=\"\" class=\"wp-image-503\" width=\"272\" height=\"272\" srcset=\"http:\/\/lakomaki.fr\/jfg-chocolatier\/wp-content\/uploads\/2021\/02\/31-edited.jpg 2304w, http:\/\/lakomaki.fr\/jfg-chocolatier\/wp-content\/uploads\/2021\/02\/31-edited-300x300.jpg 300w, http:\/\/lakomaki.fr\/jfg-chocolatier\/wp-content\/uploads\/2021\/02\/31-edited-1024x1024.jpg 1024w, http:\/\/lakomaki.fr\/jfg-chocolatier\/wp-content\/uploads\/2021\/02\/31-edited-150x150.jpg 150w, http:\/\/lakomaki.fr\/jfg-chocolatier\/wp-content\/uploads\/2021\/02\/31-edited-768x768.jpg 768w, http:\/\/lakomaki.fr\/jfg-chocolatier\/wp-content\/uploads\/2021\/02\/31-edited-1536x1536.jpg 1536w, http:\/\/lakomaki.fr\/jfg-chocolatier\/wp-content\/uploads\/2021\/02\/31-edited-2048x2048.jpg 2048w\" sizes=\"auto, (max-width: 272px) 100vw, 272px\" \/><\/figure><\/div>\n<\/div>\n\n\n\n<div class=\"wp-block-column is-layout-flow wp-block-column-is-layout-flow\">\n<h3 class=\"wp-block-heading\"><span style=\"color:#4e4e4e\" class=\"has-inline-color\">Les coffrets<\/span><br><span style=\"color:#c8347a\" class=\"has-inline-color\">ganache<\/span><\/h3>\n\n\n\n<p style=\"font-size:26px\">Destin\u00e9 aux amateurs de pralin\u00e9s, ces coffrets vous offrent un assortiment de saveurs autour du m\u00e9lange amandes et noisettes&nbsp;:<br><span style=\"color:#c8347a\" class=\"has-inline-color\"><br>Coffret 16 pralin\u00e9s<\/span> garni de 6 saveurs&nbsp;: Figaro noir, Figaro lait, Traviata, Pistachio, Carya, Palmira.<br><br><span style=\"color:#c8347a\" class=\"has-inline-color\">Coffret 36 pralin\u00e9s <\/span>garni de 10 saveurs&nbsp;: Anastasia, Figaro noir, Traviata, Grain Dentelle, Figaro lait, Cariaco, Pistachio, Carya, Palmira, Oriza.<\/p>\n\n\n\n<div class=\"wp-block-buttons aligncenter is-layout-flex wp-block-buttons-is-layout-flex\">\n<div class=\"wp-block-button\"><a class=\"wp-block-button__link\" href=\"http:\/\/lakomaki.fr\/jfg-chocolatier\/contact\/\" style=\"border-radius:50px\" target=\"_blank\" rel=\"noreferrer noopener\">Commandez<\/a><\/div>\n<\/div>\n<\/div>\n<\/div>\n<\/div><\/div>\n","protected":false},"excerpt":{"rendered":"<p>Mes sp\u00e9cialit\u00e9s Les coffretsganache Destin\u00e9 aux amateurs de pralin\u00e9s, ces coffrets vous offrent un assortiment de saveurs autour du m\u00e9lange amandes et noisettes&nbsp;:Coffret 16 pralin\u00e9s garni de 6 saveurs&nbsp;: Figaro noir, Figaro lait, Traviata, Pistachio, Carya, Palmira. Coffret 36 pralin\u00e9s garni de 10 saveurs&nbsp;: Anastasia, Figaro noir, Traviata, Grain Dentelle, Figaro lait, Cariaco, Pistachio, Carya, &hellip;<\/p>\n<p class=\"read-more\"> <a class=\"\" href=\"http:\/\/lakomaki.fr\/jfg-chocolatier\/mes-specialites\/\"> <span class=\"screen-reader-text\">Mes specialit\u00e9s<\/span> Lire la suite\u00a0\u00bb<\/a><\/p>\n","protected":false},"author":1,"featured_media":0,"parent":0,"menu_order":0,"comment_status":"closed","ping_status":"closed","template":"","meta":{"footnotes":""},"class_list":["post-36","page","type-page","status-publish","hentry"],"uagb_featured_image_src":{"full":false,"thumbnail":false,"medium":false,"medium_large":false,"large":false,"1536x1536":false,"2048x2048":false},"uagb_author_info":{"display_name":"jorisduprey","author_link":"http:\/\/lakomaki.fr\/jfg-chocolatier\/author\/jorisduprey\/"},"uagb_comment_info":0,"uagb_excerpt":"Mes sp\u00e9cialit\u00e9s Les coffretsganache Destin\u00e9 aux amateurs de pralin\u00e9s, ces coffrets vous offrent un assortiment de saveurs autour du m\u00e9lange amandes et noisettes&nbsp;:Coffret 16 pralin\u00e9s garni de 6 saveurs&nbsp;: Figaro noir, Figaro lait, Traviata, Pistachio, Carya, Palmira. Coffret 36 pralin\u00e9s garni de 10 saveurs&nbsp;: Anastasia, Figaro noir, Traviata, Grain Dentelle, Figaro lait, Cariaco, Pistachio, Carya,\u2026","_links":{"self":[{"href":"http:\/\/lakomaki.fr\/jfg-chocolatier\/wp-json\/wp\/v2\/pages\/36","targetHints":{"allow":["GET"]}}],"collection":[{"href":"http:\/\/lakomaki.fr\/jfg-chocolatier\/wp-json\/wp\/v2\/pages"}],"about":[{"href":"http:\/\/lakomaki.fr\/jfg-chocolatier\/wp-json\/wp\/v2\/types\/page"}],"author":[{"embeddable":true,"href":"http:\/\/lakomaki.fr\/jfg-chocolatier\/wp-json\/wp\/v2\/users\/1"}],"replies":[{"embeddable":true,"href":"http:\/\/lakomaki.fr\/jfg-chocolatier\/wp-json\/wp\/v2\/comments?post=36"}],"version-history":[{"count":56,"href":"http:\/\/lakomaki.fr\/jfg-chocolatier\/wp-json\/wp\/v2\/pages\/36\/revisions"}],"predecessor-version":[{"id":512,"href":"http:\/\/lakomaki.fr\/jfg-chocolatier\/wp-json\/wp\/v2\/pages\/36\/revisions\/512"}],"wp:attachment":[{"href":"http:\/\/lakomaki.fr\/jfg-chocolatier\/wp-json\/wp\/v2\/media?parent=36"}],"curies":[{"name":"wp","href":"https:\/\/api.w.org\/{rel}","templated":true}]}}