{"id":78,"date":"2021-02-03T16:46:21","date_gmt":"2021-02-03T15:46:21","guid":{"rendered":"http:\/\/lakomaki.fr\/jfg-chocolatier\/?page_id=78"},"modified":"2021-02-17T11:08:28","modified_gmt":"2021-02-17T10:08:28","slug":"accueil","status":"publish","type":"page","link":"http:\/\/lakomaki.fr\/jfg-chocolatier\/","title":{"rendered":"Accueil"},"content":{"rendered":"\n\n\n\n<div class=\"wp-block-cover alignfull has-background-dim\" style=\"background-color:#9c9b9b;min-height:1205px;aspect-ratio:unset;\"><div class=\"wp-block-cover__inner-container is-layout-flow wp-block-cover-is-layout-flow\">\n<div style=\"height:70px\" aria-hidden=\"true\" class=\"wp-block-spacer\"><\/div>\n\n\n\n<div class=\"wp-block-columns is-layout-flex wp-container-core-columns-is-layout-9d6595d7 wp-block-columns-is-layout-flex\">\n<div class=\"wp-block-column is-layout-flow wp-block-column-is-layout-flow\" style=\"flex-basis:50%\">\n<div class=\"wp-block-image\"><figure class=\"aligncenter size-large\"><img loading=\"lazy\" decoding=\"async\" width=\"570\" height=\"570\" src=\"http:\/\/lakomaki.fr\/jfg-chocolatier\/wp-content\/uploads\/2021\/02\/Groupe-64.png\" alt=\"\" class=\"wp-image-118\" srcset=\"http:\/\/lakomaki.fr\/jfg-chocolatier\/wp-content\/uploads\/2021\/02\/Groupe-64.png 570w, http:\/\/lakomaki.fr\/jfg-chocolatier\/wp-content\/uploads\/2021\/02\/Groupe-64-300x300.png 300w, http:\/\/lakomaki.fr\/jfg-chocolatier\/wp-content\/uploads\/2021\/02\/Groupe-64-150x150.png 150w\" sizes=\"auto, (max-width: 570px) 100vw, 570px\" \/><\/figure><\/div>\n<\/div>\n\n\n\n<div class=\"wp-block-column is-layout-flow wp-block-column-is-layout-flow\" style=\"flex-basis:50%\">\n<h2 class=\"has-text-align-left has-white-color has-text-color wp-block-heading\" style=\"font-size:50px\">Mon histoire<br><span style=\"color:#9c9b9b\" class=\"has-inline-color\">&#8230;..<\/span>Mon <span style=\"color:#c8347a\" class=\"has-inline-color\">plaisir <\/span><\/h2>\n\n\n\n<div style=\"height:31px\" aria-hidden=\"true\" class=\"wp-block-spacer\"><\/div>\n\n\n\n<p class=\"has-white-color has-text-color\">Apr\u00e8s un apprentissage en boulangerie p\u00e2tisserie, j&rsquo;ai eu l&rsquo;opportunit\u00e9 de diriger des \u00e9quipes dans de nombreux grands restaurants \u00e0 Meg\u00e8ve, en \u00c9cosse et en Bretagne. A 19 ans, j&rsquo;ai la chance de cr\u00e9er ma premi\u00e8re boutique \u2026.<\/p>\n\n\n\n<div style=\"height:112px\" aria-hidden=\"true\" class=\"wp-block-spacer\"><\/div>\n\n\n\n<div class=\"wp-block-buttons aligncenter is-layout-flex wp-block-buttons-is-layout-flex\">\n<div class=\"wp-block-button\"><a class=\"wp-block-button__link\" href=\"http:\/\/lakomaki.fr\/jfg-chocolatier\/a-propos-de\/\" style=\"border-radius:50px\" target=\"_blank\" rel=\"noreferrer noopener\">Lire la suite<\/a><\/div>\n<\/div>\n<\/div>\n<\/div>\n\n\n\n<div class=\"wp-block-columns are-vertically-aligned-center is-layout-flex wp-container-core-columns-is-layout-9d6595d7 wp-block-columns-is-layout-flex\">\n<div class=\"wp-block-column is-vertically-aligned-center is-layout-flow wp-block-column-is-layout-flow\" style=\"flex-basis:50%\">\n<div class=\"wp-block-image\"><figure class=\"aligncenter size-large\"><img loading=\"lazy\" decoding=\"async\" width=\"316\" height=\"272\" src=\"http:\/\/lakomaki.fr\/jfg-chocolatier\/wp-content\/uploads\/2021\/02\/Groupe-65.png\" alt=\"photo jf-gourmand enfant\" class=\"wp-image-119\" srcset=\"http:\/\/lakomaki.fr\/jfg-chocolatier\/wp-content\/uploads\/2021\/02\/Groupe-65.png 316w, http:\/\/lakomaki.fr\/jfg-chocolatier\/wp-content\/uploads\/2021\/02\/Groupe-65-300x258.png 300w\" sizes=\"auto, (max-width: 316px) 100vw, 316px\" \/><\/figure><\/div>\n<\/div>\n\n\n\n<div class=\"wp-block-column is-vertically-aligned-center is-layout-flow wp-block-column-is-layout-flow\" style=\"flex-basis:50%\">\n<div class=\"wp-block-image\"><figure class=\"aligncenter size-large\"><img loading=\"lazy\" decoding=\"async\" width=\"117\" height=\"119\" src=\"http:\/\/lakomaki.fr\/jfg-chocolatier\/wp-content\/uploads\/2021\/02\/Groupe-8.png\" alt=\"monogramme-chocolatier\" class=\"wp-image-29\"\/><\/figure><\/div>\n<\/div>\n<\/div>\n<\/div><\/div>\n\n\n\n<div class=\"wp-block-cover alignfull has-background-dim\" style=\"background-color:#4e4e4e;min-height:1046px;aspect-ratio:unset;\"><div class=\"wp-block-cover__inner-container is-layout-flow wp-block-cover-is-layout-flow\">\n<h2 class=\"rondrose has-white-color has-text-color wp-block-heading\" style=\"font-size:50px\">Mes sp\u00e9cialit\u00e9s<\/h2>\n\n\n\n<div style=\"height:50px\" aria-hidden=\"true\" class=\"wp-block-spacer\"><\/div>\n\n\n\n<div class=\"wp-block-columns is-layout-flex wp-container-core-columns-is-layout-9d6595d7 wp-block-columns-is-layout-flex\">\n<div class=\"wp-block-column is-layout-flow wp-block-column-is-layout-flow\">\n<figure class=\"wp-block-image size-large\"><a href=\"http:\/\/lakomaki.fr\/jfg-chocolatier\/mes-specialites\/\"><img loading=\"lazy\" decoding=\"async\" width=\"766\" height=\"766\" src=\"http:\/\/lakomaki.fr\/jfg-chocolatier\/wp-content\/uploads\/2021\/02\/Groupe-66@2x.png\" alt=\"\" class=\"wp-image-135\" srcset=\"http:\/\/lakomaki.fr\/jfg-chocolatier\/wp-content\/uploads\/2021\/02\/Groupe-66@2x.png 766w, http:\/\/lakomaki.fr\/jfg-chocolatier\/wp-content\/uploads\/2021\/02\/Groupe-66@2x-300x300.png 300w, http:\/\/lakomaki.fr\/jfg-chocolatier\/wp-content\/uploads\/2021\/02\/Groupe-66@2x-150x150.png 150w\" sizes=\"auto, (max-width: 766px) 100vw, 766px\" \/><\/a><\/figure>\n\n\n\n<p class=\"has-white-color has-text-color\" style=\"font-size:24px\">Magnifique coffret garni d&rsquo;un assortiment de 4 truffes aux ganaches sign\u00e9es par votre chocolatier Jean-Fran\u00e7ois Gourmand. <\/p>\n\n\n\n<div style=\"height:33px\" aria-hidden=\"true\" class=\"wp-block-spacer\"><\/div>\n\n\n\n<div class=\"wp-block-buttons aligncenter is-layout-flex wp-block-buttons-is-layout-flex\">\n<div class=\"wp-block-button\"><a class=\"wp-block-button__link\" href=\"http:\/\/lakomaki.fr\/jfg-chocolatier\/mes-specialites\/\" style=\"border-radius:50px\" target=\"_blank\" rel=\"noreferrer noopener\">Voir les coffrets<\/a><\/div>\n<\/div>\n<\/div>\n\n\n\n<div class=\"wp-block-column is-layout-flow wp-block-column-is-layout-flow\">\n<figure class=\"wp-block-image size-large\"><a href=\"http:\/\/lakomaki.fr\/jfg-chocolatier\/mes-specialites\/\"><img loading=\"lazy\" decoding=\"async\" width=\"766\" height=\"766\" src=\"http:\/\/lakomaki.fr\/jfg-chocolatier\/wp-content\/uploads\/2021\/02\/Groupe-67@2x.png\" alt=\"\" class=\"wp-image-136\" srcset=\"http:\/\/lakomaki.fr\/jfg-chocolatier\/wp-content\/uploads\/2021\/02\/Groupe-67@2x.png 766w, http:\/\/lakomaki.fr\/jfg-chocolatier\/wp-content\/uploads\/2021\/02\/Groupe-67@2x-300x300.png 300w, http:\/\/lakomaki.fr\/jfg-chocolatier\/wp-content\/uploads\/2021\/02\/Groupe-67@2x-150x150.png 150w\" sizes=\"auto, (max-width: 766px) 100vw, 766px\" \/><\/a><\/figure>\n\n\n\n<p class=\"has-white-color has-text-color\">Cet \u00e9crin aux lignes \u00e9l\u00e9gantes renferme un assortiment des meilleurs ganaches, pralin\u00e9s et p\u00e2te d&rsquo;amande, natures et parfum\u00e9s.<\/p>\n\n\n\n<div style=\"height:33px\" aria-hidden=\"true\" class=\"wp-block-spacer\"><\/div>\n\n\n\n<div class=\"wp-block-buttons aligncenter is-layout-flex wp-block-buttons-is-layout-flex\">\n<div class=\"wp-block-button\"><a class=\"wp-block-button__link\" href=\"http:\/\/lakomaki.fr\/jfg-chocolatier\/contact\/\" style=\"border-radius:50px\" target=\"_blank\" rel=\"noreferrer noopener\">Commandez<\/a><\/div>\n<\/div>\n<\/div>\n\n\n\n<div class=\"wp-block-column is-layout-flow wp-block-column-is-layout-flow\">\n<figure class=\"wp-block-image size-large\"><a href=\"http:\/\/lakomaki.fr\/jfg-chocolatier\/mes-specialites\/\"><img loading=\"lazy\" decoding=\"async\" width=\"766\" height=\"772\" src=\"http:\/\/lakomaki.fr\/jfg-chocolatier\/wp-content\/uploads\/2021\/02\/Groupe-68@2x.png\" alt=\"\" class=\"wp-image-137\" srcset=\"http:\/\/lakomaki.fr\/jfg-chocolatier\/wp-content\/uploads\/2021\/02\/Groupe-68@2x.png 766w, http:\/\/lakomaki.fr\/jfg-chocolatier\/wp-content\/uploads\/2021\/02\/Groupe-68@2x-298x300.png 298w, http:\/\/lakomaki.fr\/jfg-chocolatier\/wp-content\/uploads\/2021\/02\/Groupe-68@2x-150x150.png 150w\" sizes=\"auto, (max-width: 766px) 100vw, 766px\" \/><\/a><\/figure>\n\n\n\n<p class=\"has-white-color has-text-color\">Cet \u00e9crin aux lignes \u00e9l\u00e9gantes renferme un assortiment des meilleurs ganaches, pralin\u00e9s et p\u00e2te d&rsquo;amande, natures et parfum\u00e9s.<\/p>\n\n\n\n<div style=\"height:33px\" aria-hidden=\"true\" class=\"wp-block-spacer\"><\/div>\n\n\n\n<div class=\"wp-block-buttons aligncenter is-layout-flex wp-block-buttons-is-layout-flex\">\n<div class=\"wp-block-button\"><a class=\"wp-block-button__link\" href=\"http:\/\/lakomaki.fr\/jfg-chocolatier\/idees-recettes\/\" style=\"border-radius:50px\" target=\"_blank\" rel=\"noreferrer noopener\">Id\u00e9es recettes<\/a><\/div>\n<\/div>\n<\/div>\n<\/div>\n\n\n\n<div style=\"height:33px\" aria-hidden=\"true\" class=\"wp-block-spacer\"><\/div>\n<\/div><\/div>\n\n\n\n<div class=\"wp-block-group decorpoint\"><div class=\"wp-block-group__inner-container is-layout-flow wp-block-group-is-layout-flow\">\n<p style=\"font-size:33px\">Aussi je r\u00e9alise d&rsquo;autres produits comme les cr\u00e8mes caramel au beurre sal\u00e9, les rochers d&rsquo;amandes caram\u00e9lis\u00e9es enrob\u00e9es de chocolat, les confitures, et ce n&rsquo;est pas fini\u2026 <\/p>\n\n\n\n<div class=\"wp-block-columns is-layout-flex wp-container-core-columns-is-layout-9d6595d7 wp-block-columns-is-layout-flex\">\n<div class=\"wp-block-column is-layout-flow wp-block-column-is-layout-flow\" style=\"flex-basis:66.66%\">\n<p style=\"font-size:22px\">Jean-Fran\u00e7ois Gourmand &#8211; Chocolatier <span style=\"color:#c8347a\" class=\"has-inline-color\">Plaisir<\/span><\/p>\n<\/div>\n\n\n\n<div class=\"wp-block-column is-layout-flow wp-block-column-is-layout-flow\" style=\"flex-basis:33.33%\">\n<div class=\"wp-block-buttons is-layout-flex wp-block-buttons-is-layout-flex\">\n<div class=\"wp-block-button\"><a class=\"wp-block-button__link\" href=\"http:\/\/lakomaki.fr\/jfg-chocolatier\/contact\/\" style=\"border-radius:50px\" target=\"_blank\" rel=\"noreferrer noopener\">Contactez-moi<\/a><\/div>\n<\/div>\n<\/div>\n<\/div>\n<\/div><\/div>\n\n\n\n<figure class=\"wp-block-image alignfull size-large\"><img loading=\"lazy\" decoding=\"async\" width=\"1024\" height=\"156\" src=\"http:\/\/lakomaki.fr\/jfg-chocolatier\/wp-content\/uploads\/2021\/02\/raspberry-4825266_1920@2x-1-1024x156.jpg\" alt=\"\" class=\"wp-image-176\" srcset=\"http:\/\/lakomaki.fr\/jfg-chocolatier\/wp-content\/uploads\/2021\/02\/raspberry-4825266_1920@2x-1-1024x156.jpg 1024w, http:\/\/lakomaki.fr\/jfg-chocolatier\/wp-content\/uploads\/2021\/02\/raspberry-4825266_1920@2x-1-300x46.jpg 300w, http:\/\/lakomaki.fr\/jfg-chocolatier\/wp-content\/uploads\/2021\/02\/raspberry-4825266_1920@2x-1-768x117.jpg 768w, http:\/\/lakomaki.fr\/jfg-chocolatier\/wp-content\/uploads\/2021\/02\/raspberry-4825266_1920@2x-1-1536x234.jpg 1536w, http:\/\/lakomaki.fr\/jfg-chocolatier\/wp-content\/uploads\/2021\/02\/raspberry-4825266_1920@2x-1-2048x313.jpg 2048w\" sizes=\"auto, (max-width: 1024px) 100vw, 1024px\" \/><\/figure>\n","protected":false},"excerpt":{"rendered":"<p>Aussi je r\u00e9alise d&rsquo;autres produits comme les cr\u00e8mes caramel au beurre sal\u00e9, les rochers d&rsquo;amandes caram\u00e9lis\u00e9es enrob\u00e9es de chocolat, les confitures, et ce n&rsquo;est pas fini\u2026 Jean-Fran\u00e7ois Gourmand &#8211; Chocolatier Plaisir<\/p>\n","protected":false},"author":1,"featured_media":0,"parent":0,"menu_order":0,"comment_status":"closed","ping_status":"closed","template":"","meta":{"footnotes":""},"class_list":["post-78","page","type-page","status-publish","hentry"],"uagb_featured_image_src":{"full":false,"thumbnail":false,"medium":false,"medium_large":false,"large":false,"1536x1536":false,"2048x2048":false},"uagb_author_info":{"display_name":"jorisduprey","author_link":"http:\/\/lakomaki.fr\/jfg-chocolatier\/author\/jorisduprey\/"},"uagb_comment_info":0,"uagb_excerpt":"Aussi je r\u00e9alise d&rsquo;autres produits comme les cr\u00e8mes caramel au beurre sal\u00e9, les rochers d&rsquo;amandes caram\u00e9lis\u00e9es enrob\u00e9es de chocolat, les confitures, et ce n&rsquo;est pas fini\u2026 Jean-Fran\u00e7ois Gourmand &#8211; Chocolatier Plaisir","_links":{"self":[{"href":"http:\/\/lakomaki.fr\/jfg-chocolatier\/wp-json\/wp\/v2\/pages\/78","targetHints":{"allow":["GET"]}}],"collection":[{"href":"http:\/\/lakomaki.fr\/jfg-chocolatier\/wp-json\/wp\/v2\/pages"}],"about":[{"href":"http:\/\/lakomaki.fr\/jfg-chocolatier\/wp-json\/wp\/v2\/types\/page"}],"author":[{"embeddable":true,"href":"http:\/\/lakomaki.fr\/jfg-chocolatier\/wp-json\/wp\/v2\/users\/1"}],"replies":[{"embeddable":true,"href":"http:\/\/lakomaki.fr\/jfg-chocolatier\/wp-json\/wp\/v2\/comments?post=78"}],"version-history":[{"count":41,"href":"http:\/\/lakomaki.fr\/jfg-chocolatier\/wp-json\/wp\/v2\/pages\/78\/revisions"}],"predecessor-version":[{"id":452,"href":"http:\/\/lakomaki.fr\/jfg-chocolatier\/wp-json\/wp\/v2\/pages\/78\/revisions\/452"}],"wp:attachment":[{"href":"http:\/\/lakomaki.fr\/jfg-chocolatier\/wp-json\/wp\/v2\/media?parent=78"}],"curies":[{"name":"wp","href":"https:\/\/api.w.org\/{rel}","templated":true}]}}