{"id":20,"date":"2021-01-26T11:48:44","date_gmt":"2021-01-26T10:48:44","guid":{"rendered":"https:\/\/lakomaki.fr\/le-mate\/?page_id=20"},"modified":"2021-03-11T14:41:32","modified_gmt":"2021-03-11T13:41:32","slug":"container","status":"publish","type":"page","link":"https:\/\/lakomaki.fr\/le-mate\/","title":{"rendered":"container"},"content":{"rendered":"\n\t\t<!-- MasterSlider -->\n\t\t<div id=\"P_MS69e7a2c6c33c0\" class=\"master-slider-parent msl ms-parent-id-2\"  >\n\n\t\t\t\n\t\t\t<!-- MasterSlider Main -->\n\t\t\t<div id=\"MS69e7a2c6c33c0\" class=\"master-slider ms-skin-light-2\" >\n\t\t\t\t \t\t\t\t \n\t\t\t\t<div  class=\"ms-slide\" data-delay=\"3\" data-fill-mode=\"fill\"  >\n\t\t\t\t\t<img decoding=\"async\" src=\"https:\/\/lakomaki.fr\/le-mate\/wp-content\/plugins\/master-slider\/public\/assets\/css\/blank.gif\" alt=\"\" title=\"\" data-src=\"https:\/\/lakomaki.fr\/le-mate\/wp-content\/uploads\/2021\/01\/slider-MATE-xd-1920x430.png\" \/>\n\n\n\t<div class=\"ms-thumb\" ><div class=\"ms-tab-context\"><div class=&quot;ms-tab-context&quot;><\/div><\/div>\n<\/div>\n\t\t\t\t<\/div>\n\t\t\t\t<div  class=\"ms-slide\" data-delay=\"3\" data-fill-mode=\"fill\"  >\n\t\t\t\t\t<img decoding=\"async\" src=\"https:\/\/lakomaki.fr\/le-mate\/wp-content\/plugins\/master-slider\/public\/assets\/css\/blank.gif\" alt=\"\" title=\"\" data-src=\"https:\/\/lakomaki.fr\/le-mate\/wp-content\/uploads\/2021\/01\/jorge-zapata-ca7YfP8eUj0-unsplash-scaled-1920x430.jpg\" \/>\n\n\n\t<div class=\"ms-thumb\" ><div class=\"ms-tab-context\"><div class=&quot;ms-tab-context&quot;><\/div><\/div>\n<\/div>\n\t\t\t\t<\/div>\n\n\t\t\t<\/div>\n\t\t\t<!-- END MasterSlider Main -->\n\n\t\t\t \n\t\t<\/div>\n\t\t<!-- END MasterSlider -->\n\n\t\t<script>\n\t\t(function ( $ ) {\n\t\t\t\"use strict\";\n\n\t\t\t$(function () {\n\t\t\t\tvar masterslider_33c0 = new MasterSlider();\n\n\t\t\t\t\/\/ slider controls\n\t\t\t\tmasterslider_33c0.control('arrows'     ,{ autohide:false, overVideo:true  });\t\t\t\tmasterslider_33c0.control('bullets'    ,{ autohide:true, overVideo:true, dir:'h', align:'bottom' , margin:10  });\n\n\t\t\t\tmasterslider_33c0.control('circletimer',{ autohide:false, overVideo:true, color:'#434343', radius:10, stroke:3   });\n\t\t\t\tmasterslider_33c0.control('timebar'    ,{ autohide:false, overVideo:true, align:'bottom', color:'#FFFFFF'  , width:4 });\n\t\t\t\t\/\/ slider setup\n\t\t\t\tmasterslider_33c0.setup(\"MS69e7a2c6c33c0\", {\n\t\t\t\t\t\twidth           : 1920,\n\t\t\t\t\t\theight          : 430,\n\t\t\t\t\t\tminHeight       : 0,\n\t\t\t\t\t\tspace           : 0,\n\t\t\t\t\t\tstart           : 1,\n\t\t\t\t\t\tgrabCursor      : true,\n\t\t\t\t\t\tswipe           : true,\n\t\t\t\t\t\tmouse           : true,\n\t\t\t\t\t\tlayout          : \"fullwidth\",\n\t\t\t\t\t\twheel           : false,\n\t\t\t\t\t\tautoplay        : true,\n\t\t\t\t\t\tinstantStartLayers:false,\n\t\t\t\t\t\tloop            : true,\n\t\t\t\t\t\tshuffle         : false,\n\t\t\t\t\t\tpreload         : 0,\n\t\t\t\t\t\theightLimit     : true,\n\t\t\t\t\t\tautoHeight      : false,\n\t\t\t\t\t\tsmoothHeight    : true,\n\t\t\t\t\t\tendPause        : false,\n\t\t\t\t\t\toverPause       : true,\n\t\t\t\t\t\tfillMode        : \"fill\",\n\t\t\t\t\t\tcenterControls  : true,\n\t\t\t\t\t\tstartOnAppear   : false,\n\t\t\t\t\t\tlayersMode      : \"center\",\n\t\t\t\t\t\thideLayers      : false,\n\t\t\t\t\t\tfullscreenMargin: 0,\n\t\t\t\t\t\tspeed           : 20,\n\t\t\t\t\t\tdir             : \"h\",\n\t\t\t\t\t\tparallaxMode    : 'swipe',\n\t\t\t\t\t\tview            : \"fade\"\n\t\t\t\t});\n\n\t\t\t\t\n\t\t\t\twindow.masterslider_instances = window.masterslider_instances || [];\n\t\t\t\twindow.masterslider_instances.push( masterslider_33c0 );\n\t\t\t });\n\n\t\t})(jQuery);\n\t\t<\/script>\n\n\n\n\n\n<div class=\"wp-block-cover has-white-background-color has-background-dim\"><div class=\"wp-block-cover__inner-container is-layout-flow wp-block-cover-is-layout-flow\">\n<h2 class=\"has-text-align-center has-black-color has-text-color wp-block-heading\">Le Mat\u00e9 qu\u2019est ce que c\u2019est&nbsp;?<\/h2>\n\n\n\n<div class=\"wp-block-image\"><figure class=\"aligncenter size-large\"><img loading=\"lazy\" decoding=\"async\" width=\"171\" height=\"63\" src=\"https:\/\/lakomaki.fr\/le-mate\/wp-content\/uploads\/2021\/01\/separateur.png\" alt=\"\" class=\"wp-image-21\"\/><\/figure><\/div>\n\n\n\n<div class=\"wp-block-columns is-layout-flex wp-container-core-columns-is-layout-9d6595d7 wp-block-columns-is-layout-flex\">\n<div class=\"wp-block-column is-layout-flow wp-block-column-is-layout-flow\">\n<figure class=\"wp-block-gallery columns-2 is-cropped wp-block-gallery-1 is-layout-flex wp-block-gallery-is-layout-flex\"><ul class=\"blocks-gallery-grid\"><li class=\"blocks-gallery-item\"><figure><img loading=\"lazy\" decoding=\"async\" width=\"281\" height=\"270\" src=\"https:\/\/lakomaki.fr\/le-mate\/wp-content\/uploads\/2021\/01\/telechargement-1-1.png\" alt=\"\" data-id=\"95\" data-full-url=\"https:\/\/lakomaki.fr\/le-mate\/wp-content\/uploads\/2021\/01\/telechargement-1-1.png\" data-link=\"https:\/\/lakomaki.fr\/le-mate\/telechargement-1-3\/\" class=\"wp-image-95\"\/><\/figure><\/li><li class=\"blocks-gallery-item\"><figure><img loading=\"lazy\" decoding=\"async\" width=\"281\" height=\"270\" src=\"https:\/\/lakomaki.fr\/le-mate\/wp-content\/uploads\/2021\/01\/Yerba-Mate-Leaves.png\" alt=\"\" data-id=\"91\" data-full-url=\"https:\/\/lakomaki.fr\/le-mate\/wp-content\/uploads\/2021\/01\/Yerba-Mate-Leaves.png\" data-link=\"https:\/\/lakomaki.fr\/le-mate\/yerba-mate-leaves-2\/\" class=\"wp-image-91\"\/><\/figure><\/li><\/ul><\/figure>\n<\/div>\n\n\n\n<div class=\"wp-block-column is-layout-flow wp-block-column-is-layout-flow\">\n<p class=\"has-black-color has-text-color\">Le Mat\u00e9 est un produit originaire<br>d\u2019Am\u00e9rique du sud et notamment d\u2019Argentine.<br>Son vrai nom est \u00ab&nbsp;Yerba mat\u00e9&nbsp;\u00bb.<br>Il ne provient pas du th\u00e9ier mais d\u2019une plante de la famille du houx qui ne pousse qu\u2019en Am\u00e9rique du Sud&nbsp;: dans le nord-est de l\u2019Argentine, le Paraguay et le sud du Br\u00e9sil notamment.<br>Il \u00e9tait d\u00e9j\u00e0 consomm\u00e9 par les am\u00e9rindiens.<br>Apr\u00e8s la r\u00e9colte, les feuilles sont s\u00e9ch\u00e9es puis moulues.<\/p>\n<\/div>\n<\/div>\n<\/div><\/div>\n\n\n\n<div class=\"wp-block-cover alignfull has-black-background-color has-background-dim\"><div class=\"wp-block-cover__inner-container is-layout-flow wp-block-cover-is-layout-flow\">\n<h2 class=\"alignfull has-text-align-center wp-block-heading\">Quels sont les bienfaits du mat\u00e9&nbsp;?<\/h2>\n\n\n\n<div class=\"wp-block-columns is-layout-flex wp-container-core-columns-is-layout-9d6595d7 wp-block-columns-is-layout-flex\">\n<div class=\"wp-block-column is-vertically-aligned-center is-layout-flow wp-block-column-is-layout-flow\"><\/div>\n\n\n\n<div class=\"wp-block-column is-layout-flow wp-block-column-is-layout-flow\"><\/div>\n\n\n\n<div class=\"wp-block-column is-layout-flow wp-block-column-is-layout-flow\"><\/div>\n<\/div>\n\n\n\n<div class=\"wp-block-columns is-layout-flex wp-container-core-columns-is-layout-9d6595d7 wp-block-columns-is-layout-flex\">\n<div class=\"wp-block-column is-layout-flow wp-block-column-is-layout-flow\">\n<div class=\"wp-block-image\"><figure class=\"aligncenter size-large\"><img loading=\"lazy\" decoding=\"async\" width=\"83\" height=\"41\" src=\"https:\/\/lakomaki.fr\/le-mate\/wp-content\/uploads\/2021\/01\/Fichier-4.png\" alt=\"\" class=\"wp-image-53\"\/><\/figure><\/div>\n\n\n\n<h3 class=\"has-text-align-center has-text-color wp-block-heading\" style=\"color:#ffda00\">Riche en antioxydants<\/h3>\n\n\n\n<p class=\"has-white-color has-text-color\">Les feuilles de mat\u00e9 sont riches en polyph\u00e9nols qui renforce les d\u00e9fenses naturelles de l\u2019organisme et luttent contre le vieillissement cellulaire et prot\u00e8ge notre syst\u00e8me cardio vasculaire.<\/p>\n<\/div>\n\n\n\n<div class=\"wp-block-column is-layout-flow wp-block-column-is-layout-flow\">\n<div class=\"wp-block-image\"><figure class=\"aligncenter size-large\"><img loading=\"lazy\" decoding=\"async\" width=\"83\" height=\"41\" src=\"https:\/\/lakomaki.fr\/le-mate\/wp-content\/uploads\/2021\/01\/Fichier-2.png\" alt=\"\" class=\"wp-image-54\"\/><\/figure><\/div>\n\n\n\n<h3 class=\"has-text-align-center has-text-color wp-block-heading\" style=\"color:#adbf00\">Booste l\u2019activit\u00e9 c\u00e9r\u00e9brale<\/h3>\n\n\n\n<p class=\"has-white-color has-text-color\">Le mat\u00e9 contient une forte concentration en caf\u00e9\u00efne, c\u2019est pour cette raison qu\u2019il est tr\u00e8s efficace contre la fatigue.<br>Il est conseill\u00e9 pour redonner de la vitalit\u00e9, rebooster. Il est \u00e9galement parfait pour la r\u00e9cup\u00e9ration apr\u00e8s un effort sportif intense. D\u00e9j\u00e0 pl\u00e9biscit\u00e9 par de grands sportifs fran\u00e7ais.<\/p>\n<\/div>\n\n\n\n<div class=\"wp-block-column is-layout-flow wp-block-column-is-layout-flow\">\n<div class=\"wp-block-image\"><figure class=\"aligncenter size-large\"><img loading=\"lazy\" decoding=\"async\" width=\"82\" height=\"41\" src=\"https:\/\/lakomaki.fr\/le-mate\/wp-content\/uploads\/2021\/01\/Fichier-3.png\" alt=\"\" class=\"wp-image-55\"\/><\/figure><\/div>\n\n\n\n<h3 class=\"has-text-align-center has-text-color wp-block-heading\" style=\"color:#c4006b\">Di\u00e9t\u00e9tique<\/h3>\n\n\n\n<p class=\"has-white-color has-text-color\">Le mat\u00e9 aide \u00e0 br\u00fbler rapidement le surplus de graisse dans le corps.<br>Gr\u00e2ce \u00e0 ses propri\u00e9t\u00e9s diur\u00e9tiques, il contribue \u00e0 \u00e9liminer l\u2019eau sous-cutan\u00e9e, ce qui permet de pr\u00e9server les reins. C\u2019est \u00e9galement un excellent coupe-faim qui stoppe efficacement les envies incessantes de grignotage entre les repas.<\/p>\n<\/div>\n<\/div>\n<\/div><\/div>\n\n\n\n<div style=\"height:30px\" aria-hidden=\"true\" class=\"wp-block-spacer\"><\/div>\n\n\n\n<h2 class=\"has-text-align-center wp-block-heading\">D\u00e9couvrez notre Mat\u00e9 d\u2019exception<\/h2>\n\n\n\n<div class=\"wp-block-image\"><figure class=\"aligncenter size-large\"><img loading=\"lazy\" decoding=\"async\" width=\"171\" height=\"63\" src=\"https:\/\/lakomaki.fr\/le-mate\/wp-content\/uploads\/2021\/01\/separateur.png\" alt=\"\" class=\"wp-image-21\"\/><\/figure><\/div>\n\n\n\n<div class=\"wp-block-columns is-layout-flex wp-container-core-columns-is-layout-9d6595d7 wp-block-columns-is-layout-flex\">\n<div class=\"wp-block-column is-layout-flow wp-block-column-is-layout-flow\">\n<div class=\"wp-block-image\"><figure class=\"alignleft size-large is-resized\"><img loading=\"lazy\" decoding=\"async\" src=\"https:\/\/lakomaki.fr\/le-mate\/wp-content\/uploads\/2021\/01\/MATE-Packaging-x3-SS-FOND-1024x751.png\" alt=\"\" class=\"wp-image-39\" width=\"517\" height=\"378\" srcset=\"https:\/\/lakomaki.fr\/le-mate\/wp-content\/uploads\/2021\/01\/MATE-Packaging-x3-SS-FOND-1024x751.png 1024w, https:\/\/lakomaki.fr\/le-mate\/wp-content\/uploads\/2021\/01\/MATE-Packaging-x3-SS-FOND-300x220.png 300w, https:\/\/lakomaki.fr\/le-mate\/wp-content\/uploads\/2021\/01\/MATE-Packaging-x3-SS-FOND-768x563.png 768w, https:\/\/lakomaki.fr\/le-mate\/wp-content\/uploads\/2021\/01\/MATE-Packaging-x3-SS-FOND-1536x1126.png 1536w, https:\/\/lakomaki.fr\/le-mate\/wp-content\/uploads\/2021\/01\/MATE-Packaging-x3-SS-FOND-2048x1502.png 2048w\" sizes=\"auto, (max-width: 517px) 100vw, 517px\" \/><\/figure><\/div>\n<\/div>\n\n\n\n<div class=\"wp-block-column is-layout-flow wp-block-column-is-layout-flow\">\n<div class=\"wp-block-image\"><figure class=\"aligncenter size-large\"><img loading=\"lazy\" decoding=\"async\" width=\"280\" height=\"76\" src=\"https:\/\/lakomaki.fr\/le-mate\/wp-content\/uploads\/2021\/01\/LOGO-MATE-xd.jpg\" alt=\"logo-format\u00e9\" class=\"wp-image-15\"\/><\/figure><\/div>\n\n\n\n<p>Notre yerba mat\u00e9 est produit en Argentine selon la tradition familiale et les principes d\u2019exigences d\u2019une agriculture durable.<\/p>\n\n\n\n<p>Gr\u00e2ce \u00e0 son s\u00e9chage unique on obtient un mat\u00e9 sans fum\u00e9e, avec<br>un go\u00fbt tr\u00e8s doux et un ar\u00f4me agr\u00e9able.<\/p>\n\n\n\n<p>Notre yerba mate est un produit 100% naturel, sans pesticide<br>ni herbicide.<\/p>\n\n\n\n<div class=\"wp-block-buttons is-content-justification-center is-layout-flex wp-block-buttons-is-layout-flex\">\n<div class=\"wp-block-button is-style-fill\"><a class=\"wp-block-button__link\" style=\"border-radius:50px\">Commandez<\/a><\/div>\n<\/div>\n<\/div>\n<\/div>\n\n\n\n<div style=\"height:30px\" aria-hidden=\"true\" class=\"wp-block-spacer\"><\/div>\n\n\n\n<h2 class=\"has-text-align-center wp-block-heading\">Les 3 \u00e9l\u00e9ments indispensables pour boire le mat\u00e9<\/h2>\n\n\n\n<div class=\"wp-block-image\"><figure class=\"aligncenter size-large\"><img loading=\"lazy\" decoding=\"async\" width=\"171\" height=\"63\" src=\"https:\/\/lakomaki.fr\/le-mate\/wp-content\/uploads\/2021\/01\/separateur.png\" alt=\"\" class=\"wp-image-21\"\/><\/figure><\/div>\n\n\n\n<figure class=\"wp-block-gallery columns-3 is-cropped wp-block-gallery-2 is-layout-flex wp-block-gallery-is-layout-flex\"><ul class=\"blocks-gallery-grid\"><li class=\"blocks-gallery-item\"><figure><img loading=\"lazy\" decoding=\"async\" width=\"385\" height=\"278\" src=\"https:\/\/lakomaki.fr\/le-mate\/wp-content\/uploads\/2021\/01\/Groupe-51.png\" alt=\"\" data-id=\"89\" data-full-url=\"https:\/\/lakomaki.fr\/le-mate\/wp-content\/uploads\/2021\/01\/Groupe-51.png\" data-link=\"https:\/\/lakomaki.fr\/le-mate\/groupe-51\/\" class=\"wp-image-89\" srcset=\"https:\/\/lakomaki.fr\/le-mate\/wp-content\/uploads\/2021\/01\/Groupe-51.png 385w, https:\/\/lakomaki.fr\/le-mate\/wp-content\/uploads\/2021\/01\/Groupe-51-300x217.png 300w\" sizes=\"auto, (max-width: 385px) 100vw, 385px\" \/><\/figure><\/li><li class=\"blocks-gallery-item\"><figure><img loading=\"lazy\" decoding=\"async\" width=\"385\" height=\"278\" src=\"https:\/\/lakomaki.fr\/le-mate\/wp-content\/uploads\/2021\/01\/Groupe-49.png\" alt=\"\" data-id=\"88\" data-full-url=\"https:\/\/lakomaki.fr\/le-mate\/wp-content\/uploads\/2021\/01\/Groupe-49.png\" data-link=\"https:\/\/lakomaki.fr\/le-mate\/groupe-49\/\" class=\"wp-image-88\" srcset=\"https:\/\/lakomaki.fr\/le-mate\/wp-content\/uploads\/2021\/01\/Groupe-49.png 385w, https:\/\/lakomaki.fr\/le-mate\/wp-content\/uploads\/2021\/01\/Groupe-49-300x217.png 300w\" sizes=\"auto, (max-width: 385px) 100vw, 385px\" \/><\/figure><\/li><li class=\"blocks-gallery-item\"><figure><img loading=\"lazy\" decoding=\"async\" width=\"385\" height=\"278\" src=\"https:\/\/lakomaki.fr\/le-mate\/wp-content\/uploads\/2021\/01\/Groupe-47.png\" alt=\"\" data-id=\"87\" data-full-url=\"https:\/\/lakomaki.fr\/le-mate\/wp-content\/uploads\/2021\/01\/Groupe-47.png\" data-link=\"https:\/\/lakomaki.fr\/le-mate\/groupe-47\/\" class=\"wp-image-87\" srcset=\"https:\/\/lakomaki.fr\/le-mate\/wp-content\/uploads\/2021\/01\/Groupe-47.png 385w, https:\/\/lakomaki.fr\/le-mate\/wp-content\/uploads\/2021\/01\/Groupe-47-300x217.png 300w\" sizes=\"auto, (max-width: 385px) 100vw, 385px\" \/><\/figure><\/li><\/ul><\/figure>\n\n\n\n<div class=\"wp-block-columns is-layout-flex wp-container-core-columns-is-layout-9d6595d7 wp-block-columns-is-layout-flex\">\n<div class=\"wp-block-column is-layout-flow wp-block-column-is-layout-flow\">\n<h3 class=\"has-text-align-center wp-block-heading\">Le yerba mat\u00e9<\/h3>\n<\/div>\n\n\n\n<div class=\"wp-block-column is-layout-flow wp-block-column-is-layout-flow\">\n<h3 class=\"has-text-align-center wp-block-heading\">la calebasse<\/h3>\n<\/div>\n\n\n\n<div class=\"wp-block-column is-layout-flow wp-block-column-is-layout-flow\">\n<h3 class=\"has-text-align-center wp-block-heading\">La bombilla<\/h3>\n\n\n\n<div class=\"wp-block-buttons is-layout-flex wp-block-buttons-is-layout-flex\"><\/div>\n<\/div>\n<\/div>\n\n\n\n<div class=\"wp-block-buttons is-content-justification-center is-layout-flex wp-block-buttons-is-layout-flex\">\n<div class=\"wp-block-button\"><a class=\"wp-block-button__link\" style=\"border-radius:50px\">D\u00e9couvrez nos packs<\/a><\/div>\n<\/div>\n\n\n\n<div style=\"height:30px\" aria-hidden=\"true\" class=\"wp-block-spacer\"><\/div>\n\n\n\n<div class=\"wp-block-cover alignfull has-background-dim has-background-gradient\" style=\"min-height:1300px;aspect-ratio:unset;\"><span aria-hidden=\"true\" class=\"wp-block-cover__gradient-background has-very-light-gray-to-cyan-bluish-gray-gradient-background\"><\/span><img loading=\"lazy\" decoding=\"async\" width=\"18000\" height=\"11400\" class=\"wp-block-cover__image-background wp-image-130\" alt=\"\" src=\"https:\/\/lakomaki.fr\/le-mate\/wp-content\/uploads\/2021\/01\/ryan-moreno-IcAtXrAZx8E-unsplashREV.jpg\" data-object-fit=\"cover\"\/><div class=\"wp-block-cover__inner-container is-layout-flow wp-block-cover-is-layout-flow\">\n<h2 class=\"has-text-align-center has-black-color has-text-color wp-block-heading\">Conseil de pr\u00e9paration<\/h2>\n\n\n\n<div class=\"wp-block-image\"><figure class=\"aligncenter size-large\"><img loading=\"lazy\" decoding=\"async\" width=\"171\" height=\"63\" src=\"https:\/\/lakomaki.fr\/le-mate\/wp-content\/uploads\/2021\/01\/separateur.png\" alt=\"\" class=\"wp-image-21\"\/><\/figure><\/div>\n\n\n\n<div class=\"wp-block-group alignwide\"><div class=\"wp-block-group__inner-container is-layout-flow wp-block-group-is-layout-flow\">\n<p class=\"has-text-align-center has-black-color has-text-color\" style=\"font-size:22px\">Le nom de Mat\u00e9 d\u00e9signe en fait le r\u00e9cipient<br>dans lequel il est pr\u00e9par\u00e9, en forme de calbasse.<\/p>\n\n\n\n<hr class=\"wp-block-separator alignwide has-text-color has-background is-style-default\" style=\"background-color:#aebf00;color:#aebf00\"\/>\n\n\n\n<p class=\"has-text-align-center has-black-color has-text-color\" style=\"font-size:22px\">Remplir un r\u00e9cipient \u00ab&nbsp;pot \u00e0 mat\u00e9&nbsp;\u00bb<br>aux \u00be, ins\u00e9rer la pipette \u00ab&nbsp;bombilla&nbsp;\u00bb.<\/p>\n\n\n\n<hr class=\"wp-block-separator alignwide has-text-color has-background is-style-default\" style=\"background-color:#aebf00;color:#aebf00\"\/>\n\n\n\n<p class=\"has-text-align-center has-black-color has-text-color\" style=\"font-size:22px\">Faire chauffer l\u2019eau sans la faire bouillir (entre 70\u00b0 et 80\u00b0 C)<br>pour qu\u2019elle pr\u00e9serve les ar\u00f4mes lors de l\u2019infusion .<\/p>\n\n\n\n<hr class=\"wp-block-separator alignwide has-text-color has-background is-style-default\" style=\"background-color:#aebf00;color:#aebf00\"\/>\n\n\n\n<p class=\"has-text-align-center has-black-color has-text-color\" style=\"font-size:22px\">En attendant que l\u2019eau soit \u00e0 bonne temp\u00e9rature,<br>impr\u00e9gner l\u00e9g\u00e8rement le mat\u00e9 d\u2019eau froide<br>ou ti\u00e8de pendant quelques minutes.<\/p>\n\n\n\n<hr class=\"wp-block-separator alignwide has-text-color has-background is-style-default\" style=\"background-color:#aebf00;color:#aebf00\"\/>\n\n\n\n<p class=\"has-text-align-center has-black-color has-text-color\" style=\"font-size:22px\">Verser l\u2019eau chaude autour de la pipette<br>pour que l\u2019eau mouille progressivement le mat\u00e9<\/p>\n<\/div><\/div>\n<\/div><\/div>\n\n\n\n<div class=\"wp-block-cover alignfull has-background-dim\" style=\"background-color:#707070;min-height:722px;aspect-ratio:unset;\"><div class=\"wp-block-cover__inner-container is-layout-flow wp-block-cover-is-layout-flow\">\n<div class=\"wp-block-columns is-layout-flex wp-container-core-columns-is-layout-9d6595d7 wp-block-columns-is-layout-flex\">\n<div class=\"wp-block-column is-layout-flow wp-block-column-is-layout-flow\">\n<div class=\"wp-block-image\"><figure class=\"aligncenter size-large is-resized\"><img loading=\"lazy\" decoding=\"async\" src=\"https:\/\/lakomaki.fr\/le-mate\/wp-content\/uploads\/2021\/01\/Groupe-16.png\" alt=\"\" class=\"wp-image-113\" width=\"313\" height=\"408\"\/><\/figure><\/div>\n<\/div>\n\n\n\n<div class=\"wp-block-column is-layout-flow wp-block-column-is-layout-flow\">\n<div class=\"wp-block-image is-style-rounded\"><figure class=\"aligncenter size-medium is-resized\"><img loading=\"lazy\" decoding=\"async\" src=\"https:\/\/lakomaki.fr\/le-mate\/wp-content\/uploads\/2021\/01\/le-mate-le-the-sud-americain-qui-seduit-les-stars-du-foot-1530282524-edited-300x300.jpg\" alt=\"photo Antoine Griezmann\" class=\"wp-image-50\" width=\"403\" height=\"403\" srcset=\"https:\/\/lakomaki.fr\/le-mate\/wp-content\/uploads\/2021\/01\/le-mate-le-the-sud-americain-qui-seduit-les-stars-du-foot-1530282524-edited-300x300.jpg 300w, https:\/\/lakomaki.fr\/le-mate\/wp-content\/uploads\/2021\/01\/le-mate-le-the-sud-americain-qui-seduit-les-stars-du-foot-1530282524-edited-150x150.jpg 150w, https:\/\/lakomaki.fr\/le-mate\/wp-content\/uploads\/2021\/01\/le-mate-le-the-sud-americain-qui-seduit-les-stars-du-foot-1530282524-edited.jpg 690w\" sizes=\"auto, (max-width: 403px) 100vw, 403px\" \/><\/figure><\/div>\n<\/div>\n\n\n\n<div class=\"wp-block-column is-layout-flow wp-block-column-is-layout-flow\">\n<div class=\"wp-block-image\"><figure class=\"aligncenter size-large is-resized\"><img loading=\"lazy\" decoding=\"async\" src=\"https:\/\/lakomaki.fr\/le-mate\/wp-content\/uploads\/2021\/01\/Groupe-16.png\" alt=\"\" class=\"wp-image-113\" width=\"313\" height=\"411\" srcset=\"https:\/\/lakomaki.fr\/le-mate\/wp-content\/uploads\/2021\/01\/Groupe-16.png 366w, https:\/\/lakomaki.fr\/le-mate\/wp-content\/uploads\/2021\/01\/Groupe-16-228x300.png 228w\" sizes=\"auto, (max-width: 313px) 100vw, 313px\" \/><\/figure><\/div>\n<\/div>\n<\/div>\n\n\n\n<div class=\"wp-block-uagb-blockquote uagb-blockquote__outer-wrap uagb-block-8b6344ad\"><div class=\"uagb-blockquote__wrap uagb-blockquote__skin-quotation uagb-blockquote__align-center uagb-blockquote__style-style_1 uagb-blockquote__stack-img-none\"><blockquote class=\"uagb-blockquote\"><div class=\"uagb-blockquote__icon-wrap\"><span class=\"uagb-blockquote__icon\"><svg width=\"20\" height=\"20\" viewbox=\"0 0 32 32\"><path d=\"M7.031 14c3.866 0 7 3.134 7 7s-3.134 7-7 7-7-3.134-7-7l-0.031-1c0-7.732 6.268-14 14-14v4c-2.671 0-5.182 1.040-7.071 2.929-0.364 0.364-0.695 0.751-0.995 1.157 0.357-0.056 0.724-0.086 1.097-0.086zM25.031 14c3.866 0 7 3.134 7 7s-3.134 7-7 7-7-3.134-7-7l-0.031-1c0-7.732 6.268-14 14-14v4c-2.671 0-5.182 1.040-7.071 2.929-0.364 0.364-0.695 0.751-0.995 1.157 0.358-0.056 0.724-0.086 1.097-0.086z\"><\/path><\/svg><\/span><\/div><div class=\"uagb-blockquote__content-wrap\"><div class=\"uagb-blockquote__content\">\u00ab&nbsp;C\u2019est comme du th\u00e9 ou du caf\u00e9. J\u2019en bois tout le temps avant l\u2019entra\u00eenement. \u00c7a me r\u00e9veille.&nbsp;\u00bb<\/div><footer><div class=\"uagb-blockquote__author-wrap uagb-blockquote__author-at-left\"><cite class=\"uagb-blockquote__author\">Antoine Griezmann<\/cite><\/div><\/footer><\/div><\/blockquote><\/div><\/div>\n\n\n\n<p><\/p>\n<\/div><\/div>\n\n\n\n<p><\/p>\n","protected":false},"excerpt":{"rendered":"<p>D\u00e9couvrez notre Mat\u00e9 d\u2019exception Notre yerba mat\u00e9 est produit en Argentine selon la tradition familiale et les principes d\u2019exigences d\u2019une agriculture durable. Gr\u00e2ce \u00e0 son s\u00e9chage unique on obtient un mat\u00e9 sans fum\u00e9e, avecun go\u00fbt tr\u00e8s doux et un ar\u00f4me agr\u00e9able. Notre yerba mate est un produit 100% naturel, sans pesticideni herbicide. Les 3 \u00e9l\u00e9ments &hellip;<\/p>\n<p class=\"read-more\"> <a class=\"\" href=\"https:\/\/lakomaki.fr\/le-mate\/\"> <span class=\"screen-reader-text\">container<\/span> Lire la suite\u00a0\u00bb<\/a><\/p>\n","protected":false},"author":1,"featured_media":0,"parent":0,"menu_order":0,"comment_status":"closed","ping_status":"closed","template":"","meta":{"footnotes":""},"class_list":["post-20","page","type-page","status-publish","hentry"],"uagb_featured_image_src":{"full":false,"thumbnail":false,"medium":false,"medium_large":false,"large":false,"1536x1536":false,"2048x2048":false},"uagb_author_info":{"display_name":"dupreyjoris","author_link":"https:\/\/lakomaki.fr\/le-mate\/author\/dupreyjoris\/"},"uagb_comment_info":0,"uagb_excerpt":"D\u00e9couvrez notre Mat\u00e9 d\u2019exception Notre yerba mat\u00e9 est produit en Argentine selon la tradition familiale et les principes d\u2019exigences d\u2019une agriculture durable. Gr\u00e2ce \u00e0 son s\u00e9chage unique on obtient un mat\u00e9 sans fum\u00e9e, avecun go\u00fbt tr\u00e8s doux et un ar\u00f4me agr\u00e9able. Notre yerba mate est un produit 100% naturel, sans pesticideni herbicide. Les 3 \u00e9l\u00e9ments\u2026","_links":{"self":[{"href":"https:\/\/lakomaki.fr\/le-mate\/wp-json\/wp\/v2\/pages\/20","targetHints":{"allow":["GET"]}}],"collection":[{"href":"https:\/\/lakomaki.fr\/le-mate\/wp-json\/wp\/v2\/pages"}],"about":[{"href":"https:\/\/lakomaki.fr\/le-mate\/wp-json\/wp\/v2\/types\/page"}],"author":[{"embeddable":true,"href":"https:\/\/lakomaki.fr\/le-mate\/wp-json\/wp\/v2\/users\/1"}],"replies":[{"embeddable":true,"href":"https:\/\/lakomaki.fr\/le-mate\/wp-json\/wp\/v2\/comments?post=20"}],"version-history":[{"count":44,"href":"https:\/\/lakomaki.fr\/le-mate\/wp-json\/wp\/v2\/pages\/20\/revisions"}],"predecessor-version":[{"id":210,"href":"https:\/\/lakomaki.fr\/le-mate\/wp-json\/wp\/v2\/pages\/20\/revisions\/210"}],"wp:attachment":[{"href":"https:\/\/lakomaki.fr\/le-mate\/wp-json\/wp\/v2\/media?parent=20"}],"curies":[{"name":"wp","href":"https:\/\/api.w.org\/{rel}","templated":true}]}}